{"id":230613,"date":"2020-08-24T10:53:32","date_gmt":"2020-08-24T08:53:32","guid":{"rendered":"https:\/\/luhacovice.cz\/fotogalerie\/"},"modified":"2020-11-01T20:10:49","modified_gmt":"2020-11-01T19:10:49","slug":"fotogallerie","status":"publish","type":"page","link":"https:\/\/luhacovice.cz\/de\/fotogallerie\/","title":{"rendered":"Fotogallerie Luha\u010dovice"},"content":{"rendered":"\n<blockquote class=\"wp-block-quote\"><p><em>Luha\u010dovice durch Kameraobjektiv<\/em><\/p><\/blockquote>\n\n\n\n<p class=\"has-medium-font-size\">Erleben Sie das echte Luha\u010dovice mit Fotos von verschiedenen Veranstaltungen, Sehensw\u00fcrdigkeiten und interessanten Orten. Sie ordnen aktuelle Ereignisse mit einer Webcam zu, die Fotos dokumentieren vergangene Erfahrungen. Dank des Fotos erhalten Sie auch einen Tipp f\u00fcr spannende Aktivit\u00e4ten oder lustige Ausfl\u00fcge.<\/p>\n","protected":false},"excerpt":{"rendered":"Luha\u010dovice durch Kameraobjektiv Erleben Sie das echte Luha\u010dovice mit Fotos von verschiedenen Veranstaltungen, Sehensw\u00fcrdigkeiten und interessanten Orten. Sie ordnen aktuelle Ereignisse mit einer Webcam zu, die Fotos dokumentieren vergangene Erfahrungen. Dank des Fotos erhalten Sie auch einen Tipp f\u00fcr spannende Aktivit\u00e4ten oder lustige Ausfl\u00fcge.","protected":false},"author":3,"featured_media":10781,"parent":0,"menu_order":79,"comment_status":"closed","ping_status":"closed","template":"","meta":[],"yoast_head":"<!-- This site is optimized with the Yoast SEO plugin v20.4 - https:\/\/yoast.com\/wordpress\/plugins\/seo\/ -->\n<title>Fotografie Luha\u010dovice a okol\u00ed zachycuj\u00ed genia loci | Luha\u010dovice.cz<\/title>\n<meta name=\"description\" content=\"Fotografie Luha\u010dovic a okol\u00ed si zaslou\u017e\u00ed pozornost stejn\u011b jako l\u00e1zn\u011b samotn\u00e9. Fotogalerie nejzaj\u00edmav\u011bj\u0161\u00edch m\u00edst pot\u011b\u0161\u00ed nejen pohledem.\" \/>\n<meta name=\"robots\" content=\"index, follow, max-snippet:-1, max-image-preview:large, max-video-preview:-1\" \/>\n<link rel=\"canonical\" href=\"https:\/\/luhacovice.cz\/de\/fotogallerie\/\" \/>\n<meta property=\"og:locale\" content=\"de_DE\" \/>\n<meta property=\"og:type\" content=\"article\" \/>\n<meta property=\"og:title\" content=\"Fotografie Luha\u010dovice a okol\u00ed zachycuj\u00ed genia loci | Luha\u010dovice.cz\" \/>\n<meta property=\"og:description\" content=\"Fotografie Luha\u010dovic a okol\u00ed si zaslou\u017e\u00ed pozornost stejn\u011b jako l\u00e1zn\u011b samotn\u00e9. Fotogalerie nejzaj\u00edmav\u011bj\u0161\u00edch m\u00edst pot\u011b\u0161\u00ed nejen pohledem.\" \/>\n<meta property=\"og:url\" content=\"https:\/\/luhacovice.cz\/de\/fotogallerie\/\" \/>\n<meta property=\"og:site_name\" content=\"Luha\u010dovice.cz\" \/>\n<meta property=\"article:modified_time\" content=\"2020-11-01T19:10:49+00:00\" \/>\n<meta property=\"og:image\" content=\"https:\/\/luhacovice.cz\/wp-content\/uploads\/2020\/10\/u_X8A3077.jpg\" \/>\n\t<meta property=\"og:image:width\" content=\"1680\" \/>\n\t<meta property=\"og:image:height\" content=\"840\" \/>\n\t<meta property=\"og:image:type\" content=\"image\/jpeg\" \/>\n<meta name=\"twitter:card\" content=\"summary_large_image\" \/>\n<script type=\"application\/ld+json\" class=\"yoast-schema-graph\">{\"@context\":\"https:\/\/schema.org\",\"@graph\":[{\"@type\":\"WebPage\",\"@id\":\"https:\/\/luhacovice.cz\/de\/fotogallerie\/\",\"url\":\"https:\/\/luhacovice.cz\/de\/fotogallerie\/\",\"name\":\"Fotografie Luha\u010dovice a okol\u00ed zachycuj\u00ed genia loci | Luha\u010dovice.cz\",\"isPartOf\":{\"@id\":\"https:\/\/luhacovice.cz\/#website\"},\"datePublished\":\"2020-08-24T08:53:32+00:00\",\"dateModified\":\"2020-11-01T19:10:49+00:00\",\"description\":\"Fotografie Luha\u010dovic a okol\u00ed si zaslou\u017e\u00ed pozornost stejn\u011b jako l\u00e1zn\u011b samotn\u00e9. Fotogalerie nejzaj\u00edmav\u011bj\u0161\u00edch m\u00edst pot\u011b\u0161\u00ed nejen pohledem.\",\"breadcrumb\":{\"@id\":\"https:\/\/luhacovice.cz\/de\/fotogallerie\/#breadcrumb\"},\"inLanguage\":\"de\",\"potentialAction\":[{\"@type\":\"ReadAction\",\"target\":[\"https:\/\/luhacovice.cz\/de\/fotogallerie\/\"]}]},{\"@type\":\"BreadcrumbList\",\"@id\":\"https:\/\/luhacovice.cz\/de\/fotogallerie\/#breadcrumb\",\"itemListElement\":[{\"@type\":\"ListItem\",\"position\":1,\"name\":\"Home\",\"item\":\"https:\/\/luhacovice.cz\/de\/\"},{\"@type\":\"ListItem\",\"position\":2,\"name\":\"Fotogallerie Luha\u010dovice\"}]},{\"@type\":\"WebSite\",\"@id\":\"https:\/\/luhacovice.cz\/#website\",\"url\":\"https:\/\/luhacovice.cz\/\",\"name\":\"Luha\u010dovice.cz\",\"description\":\"Turistick\u00fd port\u00e1l Luha\u010dovice Pozlovice\",\"potentialAction\":[{\"@type\":\"SearchAction\",\"target\":{\"@type\":\"EntryPoint\",\"urlTemplate\":\"https:\/\/luhacovice.cz\/?s={search_term_string}\"},\"query-input\":\"required name=search_term_string\"}],\"inLanguage\":\"de\"}]}<\/script>\n<!-- \/ Yoast SEO plugin. -->","yoast_head_json":{"title":"Fotografie Luha\u010dovice a okol\u00ed zachycuj\u00ed genia loci | Luha\u010dovice.cz","description":"Fotografie Luha\u010dovic a okol\u00ed si zaslou\u017e\u00ed pozornost stejn\u011b jako l\u00e1zn\u011b samotn\u00e9. Fotogalerie nejzaj\u00edmav\u011bj\u0161\u00edch m\u00edst pot\u011b\u0161\u00ed nejen pohledem.","robots":{"index":"index","follow":"follow","max-snippet":"max-snippet:-1","max-image-preview":"max-image-preview:large","max-video-preview":"max-video-preview:-1"},"canonical":"https:\/\/luhacovice.cz\/de\/fotogallerie\/","og_locale":"de_DE","og_type":"article","og_title":"Fotografie Luha\u010dovice a okol\u00ed zachycuj\u00ed genia loci | Luha\u010dovice.cz","og_description":"Fotografie Luha\u010dovic a okol\u00ed si zaslou\u017e\u00ed pozornost stejn\u011b jako l\u00e1zn\u011b samotn\u00e9. Fotogalerie nejzaj\u00edmav\u011bj\u0161\u00edch m\u00edst pot\u011b\u0161\u00ed nejen pohledem.","og_url":"https:\/\/luhacovice.cz\/de\/fotogallerie\/","og_site_name":"Luha\u010dovice.cz","article_modified_time":"2020-11-01T19:10:49+00:00","og_image":[{"width":1680,"height":840,"url":"https:\/\/luhacovice.cz\/wp-content\/uploads\/2020\/10\/u_X8A3077.jpg","type":"image\/jpeg"}],"twitter_card":"summary_large_image","schema":{"@context":"https:\/\/schema.org","@graph":[{"@type":"WebPage","@id":"https:\/\/luhacovice.cz\/de\/fotogallerie\/","url":"https:\/\/luhacovice.cz\/de\/fotogallerie\/","name":"Fotografie Luha\u010dovice a okol\u00ed zachycuj\u00ed genia loci | Luha\u010dovice.cz","isPartOf":{"@id":"https:\/\/luhacovice.cz\/#website"},"datePublished":"2020-08-24T08:53:32+00:00","dateModified":"2020-11-01T19:10:49+00:00","description":"Fotografie Luha\u010dovic a okol\u00ed si zaslou\u017e\u00ed pozornost stejn\u011b jako l\u00e1zn\u011b samotn\u00e9. Fotogalerie nejzaj\u00edmav\u011bj\u0161\u00edch m\u00edst pot\u011b\u0161\u00ed nejen pohledem.","breadcrumb":{"@id":"https:\/\/luhacovice.cz\/de\/fotogallerie\/#breadcrumb"},"inLanguage":"de","potentialAction":[{"@type":"ReadAction","target":["https:\/\/luhacovice.cz\/de\/fotogallerie\/"]}]},{"@type":"BreadcrumbList","@id":"https:\/\/luhacovice.cz\/de\/fotogallerie\/#breadcrumb","itemListElement":[{"@type":"ListItem","position":1,"name":"Home","item":"https:\/\/luhacovice.cz\/de\/"},{"@type":"ListItem","position":2,"name":"Fotogallerie Luha\u010dovice"}]},{"@type":"WebSite","@id":"https:\/\/luhacovice.cz\/#website","url":"https:\/\/luhacovice.cz\/","name":"Luha\u010dovice.cz","description":"Turistick\u00fd port\u00e1l Luha\u010dovice Pozlovice","potentialAction":[{"@type":"SearchAction","target":{"@type":"EntryPoint","urlTemplate":"https:\/\/luhacovice.cz\/?s={search_term_string}"},"query-input":"required name=search_term_string"}],"inLanguage":"de"}]}},"_links":{"self":[{"href":"https:\/\/luhacovice.cz\/de\/wp-json\/wp\/v2\/pages\/230613"}],"collection":[{"href":"https:\/\/luhacovice.cz\/de\/wp-json\/wp\/v2\/pages"}],"about":[{"href":"https:\/\/luhacovice.cz\/de\/wp-json\/wp\/v2\/types\/page"}],"author":[{"embeddable":true,"href":"https:\/\/luhacovice.cz\/de\/wp-json\/wp\/v2\/users\/3"}],"replies":[{"embeddable":true,"href":"https:\/\/luhacovice.cz\/de\/wp-json\/wp\/v2\/comments?post=230613"}],"version-history":[{"count":0,"href":"https:\/\/luhacovice.cz\/de\/wp-json\/wp\/v2\/pages\/230613\/revisions"}],"wp:featuredmedia":[{"embeddable":true,"href":"https:\/\/luhacovice.cz\/de\/wp-json\/wp\/v2\/media\/10781"}],"wp:attachment":[{"href":"https:\/\/luhacovice.cz\/de\/wp-json\/wp\/v2\/media?parent=230613"}],"curies":[{"name":"wp","href":"https:\/\/api.w.org\/{rel}","templated":true}]}}