{"id":259453,"date":"2020-08-05T11:21:54","date_gmt":"2020-08-05T09:21:54","guid":{"rendered":"https:\/\/luhacovice.cz\/spa-luhacovice\/"},"modified":"2020-11-04T07:58:41","modified_gmt":"2020-11-04T06:58:41","slug":"badewesen-luhacovice","status":"publish","type":"page","link":"https:\/\/luhacovice.cz\/de\/badewesen-luhacovice\/","title":{"rendered":"Badewesen Luha\u010dovice"},"content":{"rendered":"\n<div class=\"wp-block-image\"><figure class=\"alignright size-large is-resized\"><img decoding=\"async\" src=\"https:\/\/luhacovice.cz\/wp-content\/uploads\/2020\/11\/slunecni-lazne-1.jpg\" alt=\"\" class=\"wp-image-278769\" width=\"209\" height=\"167\" srcset=\"https:\/\/luhacovice.cz\/wp-content\/uploads\/2020\/11\/slunecni-lazne-1.jpg 700w, https:\/\/luhacovice.cz\/wp-content\/uploads\/2020\/11\/slunecni-lazne-1-250x200.jpg 250w, https:\/\/luhacovice.cz\/wp-content\/uploads\/2020\/11\/slunecni-lazne-1-567x453.jpg 567w, https:\/\/luhacovice.cz\/wp-content\/uploads\/2020\/11\/slunecni-lazne-1-120x96.jpg 120w\" sizes=\"(max-width: 209px) 100vw, 209px\" \/><\/figure><\/div>\n\n\n\n<p>Luha\u010dovice ist der \u00e4lteste m\u00e4hrische Badeort mit einer langen Tradition der Badekuren der Atemwege, des Verdauungssystems, des Diabetes und Bewegungssystems. Ber\u00fchmt ist er durch seine nat\u00fcrlichen Heilquellen, g\u00fcnstigen Klimabedingungen und die angenehme Umgebung, in welcher die wundersch\u00f6ne Natur mit der typischen Architektur eng verbunden sind.<\/p>\n\n\n\n<p>Auf dem Gebiet von Luha\u010dovice quellen 16 Arten von Mineralwasser mit einem Gehalt von Kohlehydroxid und Natriumchlorid und eine Schwefelquelle. Die bekanntesten Mineralquellen sind Vincentka, Aloiska, Elektra, Dr.-\u0160\u0165astn\u00fd-Quelle und St.-Josef-Quelle. Die Temperatur des entspringenden Wassers bewegt sich zwischen 10 &#8211; 12 \u00b0C. Die Mineralquellen von Luha\u010dovice werden dank ihrem Mineralstoff-Gehalt und der ausgezeichneten Vergasung mit dem freien Kohlendioxid f\u00fcr die am besten wirkenden Quellen Europas gehalten.<\/p>\n\n\n\n<h3 class=\"wp-block-heading\">In Luha\u010dovice werden behandelt<\/h3>\n\n\n\n<ul><li>Erkrankungen des Atemsystems<\/li><li>des Verdauungssystems<\/li><li>die auf Grund von Stoffwechselst\u00f6rungen entstandenen Erkrankungen und St\u00f6rungen des Bewegungsapparates.<\/li><\/ul>\n\n\n\n<p>Die Kurbehandlung beruht auf der Anwendung der nat\u00fcrlichen Heilquellen in Verbindung mit den modernsten Heil- und Rehabilitationsmethoden.<\/p>\n\n\n\n<h3 class=\"wp-block-heading\">Heilmethoden z\u00e4hlen unter anderem<\/h3>\n\n\n\n<ul><li>Trinkkur<\/li><li>Inhalationen<\/li><li>Baden im nat\u00fcrlichen Mineralwasser<\/li><li>Wasserheilverfahren<\/li><li>klassische Massagen<\/li><li>Reflexzonenmassagen und Unterwassermassagen<\/li><li>Elektrotherapie<\/li><\/ul>\n\n\n\n<p><\/p>\n","protected":false},"excerpt":{"rendered":"Luha\u010dovice ist der \u00e4lteste m\u00e4hrische Badeort mit einer langen Tradition der Badekuren der Atemwege, des Verdauungssystems, des Diabetes und Bewegungssystems. Ber\u00fchmt ist er durch seine nat\u00fcrlichen Heilquellen, g\u00fcnstigen Klimabedingungen und die angenehme Umgebung, in welcher die wundersch\u00f6ne Natur mit der typischen Architektur eng verbunden sind. Auf dem Gebiet von Luha\u010dovice quellen 16 Arten von Mineralwasser&#8230; <a class=\"view-article\" href=\"https:\/\/luhacovice.cz\/de\/badewesen-luhacovice\/\">Artikel ansehen<\/a>","protected":false},"author":1,"featured_media":10826,"parent":0,"menu_order":137,"comment_status":"closed","ping_status":"closed","template":"page-templates\/page-one-column.php","meta":[],"yoast_head":"<!-- This site is optimized with the Yoast SEO plugin v20.4 - https:\/\/yoast.com\/wordpress\/plugins\/seo\/ -->\n<title>L\u00e1zn\u011b Luha\u010dovice: prameny a s\u00edla p\u0159\u00edrody | Luha\u010dovice.cz<\/title>\n<meta name=\"description\" content=\"Objevte s\u00edlu p\u0159\u00edrody! L\u00e1zn\u011b Luha\u010dovice v\u00e1s osv\u011b\u017e\u00ed miner\u00e1ln\u00edmi prameny i kr\u00e1snou p\u0159\u00edrodou. Nechte se h\u00fd\u010dkat b\u011bhem mas\u00e1\u017e\u00ed, koupel\u00ed a terapi\u00ed.\" \/>\n<meta name=\"robots\" content=\"index, follow, max-snippet:-1, max-image-preview:large, max-video-preview:-1\" \/>\n<link rel=\"canonical\" href=\"https:\/\/luhacovice.cz\/de\/badewesen-luhacovice\/\" \/>\n<meta property=\"og:locale\" content=\"de_DE\" \/>\n<meta property=\"og:type\" content=\"article\" \/>\n<meta property=\"og:title\" content=\"L\u00e1zn\u011b Luha\u010dovice: prameny a s\u00edla p\u0159\u00edrody | Luha\u010dovice.cz\" \/>\n<meta property=\"og:description\" content=\"Objevte s\u00edlu p\u0159\u00edrody! L\u00e1zn\u011b Luha\u010dovice v\u00e1s osv\u011b\u017e\u00ed miner\u00e1ln\u00edmi prameny i kr\u00e1snou p\u0159\u00edrodou. Nechte se h\u00fd\u010dkat b\u011bhem mas\u00e1\u017e\u00ed, koupel\u00ed a terapi\u00ed.\" \/>\n<meta property=\"og:url\" content=\"https:\/\/luhacovice.cz\/de\/badewesen-luhacovice\/\" \/>\n<meta property=\"og:site_name\" content=\"Luha\u010dovice.cz\" \/>\n<meta property=\"article:modified_time\" content=\"2020-11-04T06:58:41+00:00\" \/>\n<meta property=\"og:image\" content=\"https:\/\/luhacovice.cz\/wp-content\/uploads\/2020\/10\/Alexandria-20.jpg\" \/>\n\t<meta property=\"og:image:width\" content=\"1404\" \/>\n\t<meta property=\"og:image:height\" content=\"788\" \/>\n\t<meta property=\"og:image:type\" content=\"image\/jpeg\" \/>\n<meta name=\"twitter:card\" content=\"summary_large_image\" \/>\n<meta name=\"twitter:label1\" content=\"Gesch\u00e4tzte Lesezeit\" \/>\n\t<meta name=\"twitter:data1\" content=\"1\u00a0Minute\" \/>\n<script type=\"application\/ld+json\" class=\"yoast-schema-graph\">{\"@context\":\"https:\/\/schema.org\",\"@graph\":[{\"@type\":\"WebPage\",\"@id\":\"https:\/\/luhacovice.cz\/de\/badewesen-luhacovice\/\",\"url\":\"https:\/\/luhacovice.cz\/de\/badewesen-luhacovice\/\",\"name\":\"L\u00e1zn\u011b Luha\u010dovice: prameny a s\u00edla p\u0159\u00edrody | Luha\u010dovice.cz\",\"isPartOf\":{\"@id\":\"https:\/\/luhacovice.cz\/#website\"},\"datePublished\":\"2020-08-05T09:21:54+00:00\",\"dateModified\":\"2020-11-04T06:58:41+00:00\",\"description\":\"Objevte s\u00edlu p\u0159\u00edrody! L\u00e1zn\u011b Luha\u010dovice v\u00e1s osv\u011b\u017e\u00ed miner\u00e1ln\u00edmi prameny i kr\u00e1snou p\u0159\u00edrodou. Nechte se h\u00fd\u010dkat b\u011bhem mas\u00e1\u017e\u00ed, koupel\u00ed a terapi\u00ed.\",\"breadcrumb\":{\"@id\":\"https:\/\/luhacovice.cz\/de\/badewesen-luhacovice\/#breadcrumb\"},\"inLanguage\":\"de\",\"potentialAction\":[{\"@type\":\"ReadAction\",\"target\":[\"https:\/\/luhacovice.cz\/de\/badewesen-luhacovice\/\"]}]},{\"@type\":\"BreadcrumbList\",\"@id\":\"https:\/\/luhacovice.cz\/de\/badewesen-luhacovice\/#breadcrumb\",\"itemListElement\":[{\"@type\":\"ListItem\",\"position\":1,\"name\":\"Home\",\"item\":\"https:\/\/luhacovice.cz\/de\/\"},{\"@type\":\"ListItem\",\"position\":2,\"name\":\"Badewesen Luha\u010dovice\"}]},{\"@type\":\"WebSite\",\"@id\":\"https:\/\/luhacovice.cz\/#website\",\"url\":\"https:\/\/luhacovice.cz\/\",\"name\":\"Luha\u010dovice.cz\",\"description\":\"Turistick\u00fd port\u00e1l Luha\u010dovice Pozlovice\",\"potentialAction\":[{\"@type\":\"SearchAction\",\"target\":{\"@type\":\"EntryPoint\",\"urlTemplate\":\"https:\/\/luhacovice.cz\/?s={search_term_string}\"},\"query-input\":\"required name=search_term_string\"}],\"inLanguage\":\"de\"}]}<\/script>\n<!-- \/ Yoast SEO plugin. -->","yoast_head_json":{"title":"L\u00e1zn\u011b Luha\u010dovice: prameny a s\u00edla p\u0159\u00edrody | Luha\u010dovice.cz","description":"Objevte s\u00edlu p\u0159\u00edrody! L\u00e1zn\u011b Luha\u010dovice v\u00e1s osv\u011b\u017e\u00ed miner\u00e1ln\u00edmi prameny i kr\u00e1snou p\u0159\u00edrodou. Nechte se h\u00fd\u010dkat b\u011bhem mas\u00e1\u017e\u00ed, koupel\u00ed a terapi\u00ed.","robots":{"index":"index","follow":"follow","max-snippet":"max-snippet:-1","max-image-preview":"max-image-preview:large","max-video-preview":"max-video-preview:-1"},"canonical":"https:\/\/luhacovice.cz\/de\/badewesen-luhacovice\/","og_locale":"de_DE","og_type":"article","og_title":"L\u00e1zn\u011b Luha\u010dovice: prameny a s\u00edla p\u0159\u00edrody | Luha\u010dovice.cz","og_description":"Objevte s\u00edlu p\u0159\u00edrody! L\u00e1zn\u011b Luha\u010dovice v\u00e1s osv\u011b\u017e\u00ed miner\u00e1ln\u00edmi prameny i kr\u00e1snou p\u0159\u00edrodou. Nechte se h\u00fd\u010dkat b\u011bhem mas\u00e1\u017e\u00ed, koupel\u00ed a terapi\u00ed.","og_url":"https:\/\/luhacovice.cz\/de\/badewesen-luhacovice\/","og_site_name":"Luha\u010dovice.cz","article_modified_time":"2020-11-04T06:58:41+00:00","og_image":[{"width":1404,"height":788,"url":"https:\/\/luhacovice.cz\/wp-content\/uploads\/2020\/10\/Alexandria-20.jpg","type":"image\/jpeg"}],"twitter_card":"summary_large_image","twitter_misc":{"Gesch\u00e4tzte Lesezeit":"1\u00a0Minute"},"schema":{"@context":"https:\/\/schema.org","@graph":[{"@type":"WebPage","@id":"https:\/\/luhacovice.cz\/de\/badewesen-luhacovice\/","url":"https:\/\/luhacovice.cz\/de\/badewesen-luhacovice\/","name":"L\u00e1zn\u011b Luha\u010dovice: prameny a s\u00edla p\u0159\u00edrody | Luha\u010dovice.cz","isPartOf":{"@id":"https:\/\/luhacovice.cz\/#website"},"datePublished":"2020-08-05T09:21:54+00:00","dateModified":"2020-11-04T06:58:41+00:00","description":"Objevte s\u00edlu p\u0159\u00edrody! L\u00e1zn\u011b Luha\u010dovice v\u00e1s osv\u011b\u017e\u00ed miner\u00e1ln\u00edmi prameny i kr\u00e1snou p\u0159\u00edrodou. Nechte se h\u00fd\u010dkat b\u011bhem mas\u00e1\u017e\u00ed, koupel\u00ed a terapi\u00ed.","breadcrumb":{"@id":"https:\/\/luhacovice.cz\/de\/badewesen-luhacovice\/#breadcrumb"},"inLanguage":"de","potentialAction":[{"@type":"ReadAction","target":["https:\/\/luhacovice.cz\/de\/badewesen-luhacovice\/"]}]},{"@type":"BreadcrumbList","@id":"https:\/\/luhacovice.cz\/de\/badewesen-luhacovice\/#breadcrumb","itemListElement":[{"@type":"ListItem","position":1,"name":"Home","item":"https:\/\/luhacovice.cz\/de\/"},{"@type":"ListItem","position":2,"name":"Badewesen Luha\u010dovice"}]},{"@type":"WebSite","@id":"https:\/\/luhacovice.cz\/#website","url":"https:\/\/luhacovice.cz\/","name":"Luha\u010dovice.cz","description":"Turistick\u00fd port\u00e1l Luha\u010dovice Pozlovice","potentialAction":[{"@type":"SearchAction","target":{"@type":"EntryPoint","urlTemplate":"https:\/\/luhacovice.cz\/?s={search_term_string}"},"query-input":"required name=search_term_string"}],"inLanguage":"de"}]}},"_links":{"self":[{"href":"https:\/\/luhacovice.cz\/de\/wp-json\/wp\/v2\/pages\/259453"}],"collection":[{"href":"https:\/\/luhacovice.cz\/de\/wp-json\/wp\/v2\/pages"}],"about":[{"href":"https:\/\/luhacovice.cz\/de\/wp-json\/wp\/v2\/types\/page"}],"author":[{"embeddable":true,"href":"https:\/\/luhacovice.cz\/de\/wp-json\/wp\/v2\/users\/1"}],"replies":[{"embeddable":true,"href":"https:\/\/luhacovice.cz\/de\/wp-json\/wp\/v2\/comments?post=259453"}],"version-history":[{"count":0,"href":"https:\/\/luhacovice.cz\/de\/wp-json\/wp\/v2\/pages\/259453\/revisions"}],"wp:featuredmedia":[{"embeddable":true,"href":"https:\/\/luhacovice.cz\/de\/wp-json\/wp\/v2\/media\/10826"}],"wp:attachment":[{"href":"https:\/\/luhacovice.cz\/de\/wp-json\/wp\/v2\/media?parent=259453"}],"curies":[{"name":"wp","href":"https:\/\/api.w.org\/{rel}","templated":true}]}}