{"id":8388,"date":"2020-08-05T18:24:50","date_gmt":"2020-08-05T16:24:50","guid":{"rendered":"https:\/\/luhacovice.cz\/kontakty\/"},"modified":"2020-11-01T20:25:44","modified_gmt":"2020-11-01T19:25:44","slug":"kontakte","status":"publish","type":"page","link":"https:\/\/luhacovice.cz\/de\/kontakte\/","title":{"rendered":"Kontakte"},"content":{"rendered":"\n<p class=\"has-medium-font-size\">M\u00fcssen Sie Details \u00fcber das Geschehen in Luha\u010dovice oder \u00fcber die Website Luha\u010dovice.cz erfahren? Alle Kontakte finden Sie hier an einem Ort. Weitere Informationen zum Spa Luha\u010dovice? Kontaktieren Sie uns per E-Mail oder Telefon und wir beantworten gerne alles.<\/p>\n\n\n\n<div style=\"height:24px\" aria-hidden=\"true\" class=\"wp-block-spacer\"><\/div>\n\n\n\n<h3 class=\"wp-block-heading\">Info-Center im Ziel<\/h3>\n\n\n\n<div class=\"wp-block-group\"><div class=\"wp-block-group__inner-container is-layout-flow\">\n<ul><li>St\u00e4dtisches Touristen- und Informationszentrum Luha\u010dovice<\/li><li>Touristenzentrum L\u00e1zn\u011b Luha\u010dovice a.s.<\/li><li>Touristeninformationszentrum Pozlovice<\/li><\/ul>\n<\/div><\/div>\n\n\n\n<div style=\"height:24px\" aria-hidden=\"true\" class=\"wp-block-spacer\"><\/div>\n\n\n\n<h3 class=\"wp-block-heading\">Redaktion des Servers Luhacovice.cz<\/h3>\n\n\n\n<p>Wir freuen uns auf Ihre Vorschl\u00e4ge, Beobachtungen und interessanten Informationen dar\u00fcber, was um uns herum passiert. Kontaktieren Sie uns, wenn Sie an Medienunterst\u00fctzung interessiert sind.<\/p>\n\n\n\n<ul><li>E-Mail: redakce@luhacovice.cz (allgemeiner Inhalt),<\/li><li>E-Mail: akce@luhacovice.cz (Veranstaltungen in Luha\u010dovice und Umgebung)<\/li><\/ul>\n\n\n\n<p>Wenn Sie eine interessante \u00f6ffentliche Veranstaltung zum Reiseziel Luha\u010dovice organisieren, teilen Sie dies unseren Lesern mit.<\/p>\n\n\n\n<p>Der Server Luhacovice.cz bietet eine Reihe von Werbefl\u00e4chen f\u00fcr die Sichtbarkeit Ihres Unternehmens, Ihrer Institution oder Ihrer Veranstaltung. Lesen Sie mehr oder kontaktieren Sie uns f\u00fcr weitere Informationen.<\/p>\n\n\n\n<ul><li>E-Mail: inzerce@luhacovice.cz<\/li><li>Telefon: +420 575 575 001 (Mo-Fr: 8-18 Uhr)<\/li><\/ul>\n\n\n\n<div style=\"height:24px\" aria-hidden=\"true\" class=\"wp-block-spacer\"><\/div>\n\n\n\n<h3 class=\"wp-block-heading\">Der Betreiber des Servers Luhacovice.cz<\/h3>\n\n\n\n<p><strong>ZLIN.CZ s.r.o.<\/strong><br>Vavre\u010dkova 5262, 760 01 Zl\u00edn<br>I\u010c: 059 82 812 | DI\u010c: CZ05982812<br><\/p>\n\n\n\n<p>Der Server wird von AVONET gehostet<\/p>\n\n\n\n<p><\/p>\n","protected":false},"excerpt":{"rendered":"M\u00fcssen Sie Details \u00fcber das Geschehen in Luha\u010dovice oder \u00fcber die Website Luha\u010dovice.cz erfahren? Alle Kontakte finden Sie hier an einem Ort. Weitere Informationen zum Spa Luha\u010dovice? Kontaktieren Sie uns per E-Mail oder Telefon und wir beantworten gerne alles. Info-Center im Ziel St\u00e4dtisches Touristen- und Informationszentrum Luha\u010dovice Touristenzentrum L\u00e1zn\u011b Luha\u010dovice a.s. Touristeninformationszentrum Pozlovice Redaktion des&#8230; <a class=\"view-article\" href=\"https:\/\/luhacovice.cz\/de\/kontakte\/\">Artikel ansehen<\/a>","protected":false},"author":1,"featured_media":103548,"parent":0,"menu_order":126,"comment_status":"closed","ping_status":"closed","template":"","meta":[],"yoast_head":"<!-- This site is optimized with the Yoast SEO plugin v20.4 - https:\/\/yoast.com\/wordpress\/plugins\/seo\/ -->\n<title>P\u0159ehledn\u00e9 kontakty ke v\u0161em na\u0161im slu\u017eb\u00e1m | Luha\u010dovice.cz<\/title>\n<meta name=\"description\" content=\"Zaj\u00edmaj\u00ed v\u00e1s detailn\u011b Luha\u010dovice? Kontakty p\u0159ehledn\u011b na jednom m\u00edst\u011b se mohou hodit. Pro turistick\u00e9 informace volejte: +420 577 133 980.\" \/>\n<meta name=\"robots\" content=\"index, follow, max-snippet:-1, max-image-preview:large, max-video-preview:-1\" \/>\n<link rel=\"canonical\" href=\"https:\/\/luhacovice.cz\/de\/kontakte\/\" \/>\n<meta property=\"og:locale\" content=\"de_DE\" \/>\n<meta property=\"og:type\" content=\"article\" \/>\n<meta property=\"og:title\" content=\"P\u0159ehledn\u00e9 kontakty ke v\u0161em na\u0161im slu\u017eb\u00e1m | Luha\u010dovice.cz\" \/>\n<meta property=\"og:description\" content=\"Zaj\u00edmaj\u00ed v\u00e1s detailn\u011b Luha\u010dovice? Kontakty p\u0159ehledn\u011b na jednom m\u00edst\u011b se mohou hodit. Pro turistick\u00e9 informace volejte: +420 577 133 980.\" \/>\n<meta property=\"og:url\" content=\"https:\/\/luhacovice.cz\/de\/kontakte\/\" \/>\n<meta property=\"og:site_name\" content=\"Luha\u010dovice.cz\" \/>\n<meta property=\"article:modified_time\" content=\"2020-11-01T19:25:44+00:00\" \/>\n<meta property=\"og:image\" content=\"https:\/\/luhacovice.cz\/wp-content\/uploads\/2020\/10\/DSC6967.jpg\" \/>\n\t<meta property=\"og:image:width\" content=\"1348\" \/>\n\t<meta property=\"og:image:height\" content=\"900\" \/>\n\t<meta property=\"og:image:type\" content=\"image\/jpeg\" \/>\n<meta name=\"twitter:card\" content=\"summary_large_image\" \/>\n<meta name=\"twitter:label1\" content=\"Gesch\u00e4tzte Lesezeit\" \/>\n\t<meta name=\"twitter:data1\" content=\"1\u00a0Minute\" \/>\n<script type=\"application\/ld+json\" class=\"yoast-schema-graph\">{\"@context\":\"https:\/\/schema.org\",\"@graph\":[{\"@type\":\"WebPage\",\"@id\":\"https:\/\/luhacovice.cz\/de\/kontakte\/\",\"url\":\"https:\/\/luhacovice.cz\/de\/kontakte\/\",\"name\":\"P\u0159ehledn\u00e9 kontakty ke v\u0161em na\u0161im slu\u017eb\u00e1m | Luha\u010dovice.cz\",\"isPartOf\":{\"@id\":\"https:\/\/luhacovice.cz\/#website\"},\"datePublished\":\"2020-08-05T16:24:50+00:00\",\"dateModified\":\"2020-11-01T19:25:44+00:00\",\"description\":\"Zaj\u00edmaj\u00ed v\u00e1s detailn\u011b Luha\u010dovice? Kontakty p\u0159ehledn\u011b na jednom m\u00edst\u011b se mohou hodit. Pro turistick\u00e9 informace volejte: +420 577 133 980.\",\"breadcrumb\":{\"@id\":\"https:\/\/luhacovice.cz\/de\/kontakte\/#breadcrumb\"},\"inLanguage\":\"de\",\"potentialAction\":[{\"@type\":\"ReadAction\",\"target\":[\"https:\/\/luhacovice.cz\/de\/kontakte\/\"]}]},{\"@type\":\"BreadcrumbList\",\"@id\":\"https:\/\/luhacovice.cz\/de\/kontakte\/#breadcrumb\",\"itemListElement\":[{\"@type\":\"ListItem\",\"position\":1,\"name\":\"Home\",\"item\":\"https:\/\/luhacovice.cz\/de\/\"},{\"@type\":\"ListItem\",\"position\":2,\"name\":\"Kontakte\"}]},{\"@type\":\"WebSite\",\"@id\":\"https:\/\/luhacovice.cz\/#website\",\"url\":\"https:\/\/luhacovice.cz\/\",\"name\":\"Luha\u010dovice.cz\",\"description\":\"Turistick\u00fd port\u00e1l Luha\u010dovice Pozlovice\",\"potentialAction\":[{\"@type\":\"SearchAction\",\"target\":{\"@type\":\"EntryPoint\",\"urlTemplate\":\"https:\/\/luhacovice.cz\/?s={search_term_string}\"},\"query-input\":\"required name=search_term_string\"}],\"inLanguage\":\"de\"}]}<\/script>\n<!-- \/ Yoast SEO plugin. -->","yoast_head_json":{"title":"P\u0159ehledn\u00e9 kontakty ke v\u0161em na\u0161im slu\u017eb\u00e1m | Luha\u010dovice.cz","description":"Zaj\u00edmaj\u00ed v\u00e1s detailn\u011b Luha\u010dovice? Kontakty p\u0159ehledn\u011b na jednom m\u00edst\u011b se mohou hodit. Pro turistick\u00e9 informace volejte: +420 577 133 980.","robots":{"index":"index","follow":"follow","max-snippet":"max-snippet:-1","max-image-preview":"max-image-preview:large","max-video-preview":"max-video-preview:-1"},"canonical":"https:\/\/luhacovice.cz\/de\/kontakte\/","og_locale":"de_DE","og_type":"article","og_title":"P\u0159ehledn\u00e9 kontakty ke v\u0161em na\u0161im slu\u017eb\u00e1m | Luha\u010dovice.cz","og_description":"Zaj\u00edmaj\u00ed v\u00e1s detailn\u011b Luha\u010dovice? Kontakty p\u0159ehledn\u011b na jednom m\u00edst\u011b se mohou hodit. Pro turistick\u00e9 informace volejte: +420 577 133 980.","og_url":"https:\/\/luhacovice.cz\/de\/kontakte\/","og_site_name":"Luha\u010dovice.cz","article_modified_time":"2020-11-01T19:25:44+00:00","og_image":[{"width":1348,"height":900,"url":"https:\/\/luhacovice.cz\/wp-content\/uploads\/2020\/10\/DSC6967.jpg","type":"image\/jpeg"}],"twitter_card":"summary_large_image","twitter_misc":{"Gesch\u00e4tzte Lesezeit":"1\u00a0Minute"},"schema":{"@context":"https:\/\/schema.org","@graph":[{"@type":"WebPage","@id":"https:\/\/luhacovice.cz\/de\/kontakte\/","url":"https:\/\/luhacovice.cz\/de\/kontakte\/","name":"P\u0159ehledn\u00e9 kontakty ke v\u0161em na\u0161im slu\u017eb\u00e1m | Luha\u010dovice.cz","isPartOf":{"@id":"https:\/\/luhacovice.cz\/#website"},"datePublished":"2020-08-05T16:24:50+00:00","dateModified":"2020-11-01T19:25:44+00:00","description":"Zaj\u00edmaj\u00ed v\u00e1s detailn\u011b Luha\u010dovice? Kontakty p\u0159ehledn\u011b na jednom m\u00edst\u011b se mohou hodit. Pro turistick\u00e9 informace volejte: +420 577 133 980.","breadcrumb":{"@id":"https:\/\/luhacovice.cz\/de\/kontakte\/#breadcrumb"},"inLanguage":"de","potentialAction":[{"@type":"ReadAction","target":["https:\/\/luhacovice.cz\/de\/kontakte\/"]}]},{"@type":"BreadcrumbList","@id":"https:\/\/luhacovice.cz\/de\/kontakte\/#breadcrumb","itemListElement":[{"@type":"ListItem","position":1,"name":"Home","item":"https:\/\/luhacovice.cz\/de\/"},{"@type":"ListItem","position":2,"name":"Kontakte"}]},{"@type":"WebSite","@id":"https:\/\/luhacovice.cz\/#website","url":"https:\/\/luhacovice.cz\/","name":"Luha\u010dovice.cz","description":"Turistick\u00fd port\u00e1l Luha\u010dovice Pozlovice","potentialAction":[{"@type":"SearchAction","target":{"@type":"EntryPoint","urlTemplate":"https:\/\/luhacovice.cz\/?s={search_term_string}"},"query-input":"required name=search_term_string"}],"inLanguage":"de"}]}},"_links":{"self":[{"href":"https:\/\/luhacovice.cz\/de\/wp-json\/wp\/v2\/pages\/8388"}],"collection":[{"href":"https:\/\/luhacovice.cz\/de\/wp-json\/wp\/v2\/pages"}],"about":[{"href":"https:\/\/luhacovice.cz\/de\/wp-json\/wp\/v2\/types\/page"}],"author":[{"embeddable":true,"href":"https:\/\/luhacovice.cz\/de\/wp-json\/wp\/v2\/users\/1"}],"replies":[{"embeddable":true,"href":"https:\/\/luhacovice.cz\/de\/wp-json\/wp\/v2\/comments?post=8388"}],"version-history":[{"count":0,"href":"https:\/\/luhacovice.cz\/de\/wp-json\/wp\/v2\/pages\/8388\/revisions"}],"wp:featuredmedia":[{"embeddable":true,"href":"https:\/\/luhacovice.cz\/de\/wp-json\/wp\/v2\/media\/103548"}],"wp:attachment":[{"href":"https:\/\/luhacovice.cz\/de\/wp-json\/wp\/v2\/media?parent=8388"}],"curies":[{"name":"wp","href":"https:\/\/api.w.org\/{rel}","templated":true}]}}