{"id":8536,"date":"2020-08-05T11:21:54","date_gmt":"2020-08-05T09:21:54","guid":{"rendered":"https:\/\/luhacovice.cz\/spa\/"},"modified":"2020-10-27T21:13:53","modified_gmt":"2020-10-27T20:13:53","slug":"lazne-luhacovice","status":"publish","type":"page","link":"https:\/\/luhacovice.cz\/de\/lazne-luhacovice\/","title":{"rendered":"Spa Luha\u010dovice"},"content":{"rendered":"\n<p class=\"has-medium-font-size\">Kouzeln\u00e9 m\u00edsto pro chv\u00edle odpo\u010dinku i pro zdravotn\u00ed regeneraci. L\u00e1zn\u011b Luha\u010dovice jsou obklopeny zelen\u00ed \u2013 jste v&nbsp;sam\u00e9m srdci p\u0159\u00edrody, \u010derp\u00e1te s\u00edlu a zdrav\u00ed p\u0159\u00edmo z&nbsp;pramen\u016f, l\u00e1ze\u0148sk\u00fdch procedur i z&nbsp;m\u00edsta samotn\u00e9ho. Po l\u00e1ze\u0148sk\u00e9m pobytu se budete c\u00edtit jako znovuzrozen\u00ed.<\/p>\n","protected":false},"excerpt":{"rendered":"Kouzeln\u00e9 m\u00edsto pro chv\u00edle odpo\u010dinku i pro zdravotn\u00ed regeneraci. L\u00e1zn\u011b Luha\u010dovice jsou obklopeny zelen\u00ed \u2013 jste v&nbsp;sam\u00e9m srdci p\u0159\u00edrody, \u010derp\u00e1te s\u00edlu a zdrav\u00ed p\u0159\u00edmo z&nbsp;pramen\u016f, l\u00e1ze\u0148sk\u00fdch procedur i z&nbsp;m\u00edsta samotn\u00e9ho. Po l\u00e1ze\u0148sk\u00e9m pobytu se budete c\u00edtit jako znovuzrozen\u00ed.","protected":false},"author":1,"featured_media":10826,"parent":0,"menu_order":136,"comment_status":"closed","ping_status":"closed","template":"page-templates\/page-one-column.php","meta":[],"yoast_head":"<!-- This site is optimized with the Yoast SEO plugin v20.4 - https:\/\/yoast.com\/wordpress\/plugins\/seo\/ -->\n<title>L\u00e1zn\u011b Luha\u010dovice: prameny a s\u00edla p\u0159\u00edrody | Luha\u010dovice.cz<\/title>\n<meta name=\"description\" content=\"Objevte s\u00edlu p\u0159\u00edrody! L\u00e1zn\u011b Luha\u010dovice v\u00e1s osv\u011b\u017e\u00ed miner\u00e1ln\u00edmi prameny i kr\u00e1snou p\u0159\u00edrodou. Nechte se h\u00fd\u010dkat b\u011bhem mas\u00e1\u017e\u00ed, koupel\u00ed a terapi\u00ed.\" \/>\n<meta name=\"robots\" content=\"index, follow, max-snippet:-1, max-image-preview:large, max-video-preview:-1\" \/>\n<link rel=\"canonical\" href=\"https:\/\/luhacovice.cz\/de\/lazne-luhacovice\/\" \/>\n<meta property=\"og:locale\" content=\"de_DE\" \/>\n<meta property=\"og:type\" content=\"article\" \/>\n<meta property=\"og:title\" content=\"L\u00e1zn\u011b Luha\u010dovice: prameny a s\u00edla p\u0159\u00edrody | Luha\u010dovice.cz\" \/>\n<meta property=\"og:description\" content=\"Objevte s\u00edlu p\u0159\u00edrody! L\u00e1zn\u011b Luha\u010dovice v\u00e1s osv\u011b\u017e\u00ed miner\u00e1ln\u00edmi prameny i kr\u00e1snou p\u0159\u00edrodou. Nechte se h\u00fd\u010dkat b\u011bhem mas\u00e1\u017e\u00ed, koupel\u00ed a terapi\u00ed.\" \/>\n<meta property=\"og:url\" content=\"https:\/\/luhacovice.cz\/de\/lazne-luhacovice\/\" \/>\n<meta property=\"og:site_name\" content=\"Luha\u010dovice.cz\" \/>\n<meta property=\"article:modified_time\" content=\"2020-10-27T20:13:53+00:00\" \/>\n<meta property=\"og:image\" content=\"https:\/\/luhacovice.cz\/wp-content\/uploads\/2020\/10\/Alexandria-20.jpg\" \/>\n\t<meta property=\"og:image:width\" content=\"1404\" \/>\n\t<meta property=\"og:image:height\" content=\"788\" \/>\n\t<meta property=\"og:image:type\" content=\"image\/jpeg\" \/>\n<meta name=\"twitter:card\" content=\"summary_large_image\" \/>\n<script type=\"application\/ld+json\" class=\"yoast-schema-graph\">{\"@context\":\"https:\/\/schema.org\",\"@graph\":[{\"@type\":\"WebPage\",\"@id\":\"https:\/\/luhacovice.cz\/de\/lazne-luhacovice\/\",\"url\":\"https:\/\/luhacovice.cz\/de\/lazne-luhacovice\/\",\"name\":\"L\u00e1zn\u011b Luha\u010dovice: prameny a s\u00edla p\u0159\u00edrody | Luha\u010dovice.cz\",\"isPartOf\":{\"@id\":\"https:\/\/luhacovice.cz\/#website\"},\"datePublished\":\"2020-08-05T09:21:54+00:00\",\"dateModified\":\"2020-10-27T20:13:53+00:00\",\"description\":\"Objevte s\u00edlu p\u0159\u00edrody! L\u00e1zn\u011b Luha\u010dovice v\u00e1s osv\u011b\u017e\u00ed miner\u00e1ln\u00edmi prameny i kr\u00e1snou p\u0159\u00edrodou. Nechte se h\u00fd\u010dkat b\u011bhem mas\u00e1\u017e\u00ed, koupel\u00ed a terapi\u00ed.\",\"breadcrumb\":{\"@id\":\"https:\/\/luhacovice.cz\/de\/lazne-luhacovice\/#breadcrumb\"},\"inLanguage\":\"de\",\"potentialAction\":[{\"@type\":\"ReadAction\",\"target\":[\"https:\/\/luhacovice.cz\/de\/lazne-luhacovice\/\"]}]},{\"@type\":\"BreadcrumbList\",\"@id\":\"https:\/\/luhacovice.cz\/de\/lazne-luhacovice\/#breadcrumb\",\"itemListElement\":[{\"@type\":\"ListItem\",\"position\":1,\"name\":\"Home\",\"item\":\"https:\/\/luhacovice.cz\/de\/\"},{\"@type\":\"ListItem\",\"position\":2,\"name\":\"Spa Luha\u010dovice\"}]},{\"@type\":\"WebSite\",\"@id\":\"https:\/\/luhacovice.cz\/#website\",\"url\":\"https:\/\/luhacovice.cz\/\",\"name\":\"Luha\u010dovice.cz\",\"description\":\"Turistick\u00fd port\u00e1l Luha\u010dovice Pozlovice\",\"potentialAction\":[{\"@type\":\"SearchAction\",\"target\":{\"@type\":\"EntryPoint\",\"urlTemplate\":\"https:\/\/luhacovice.cz\/?s={search_term_string}\"},\"query-input\":\"required name=search_term_string\"}],\"inLanguage\":\"de\"}]}<\/script>\n<!-- \/ Yoast SEO plugin. -->","yoast_head_json":{"title":"L\u00e1zn\u011b Luha\u010dovice: prameny a s\u00edla p\u0159\u00edrody | Luha\u010dovice.cz","description":"Objevte s\u00edlu p\u0159\u00edrody! L\u00e1zn\u011b Luha\u010dovice v\u00e1s osv\u011b\u017e\u00ed miner\u00e1ln\u00edmi prameny i kr\u00e1snou p\u0159\u00edrodou. Nechte se h\u00fd\u010dkat b\u011bhem mas\u00e1\u017e\u00ed, koupel\u00ed a terapi\u00ed.","robots":{"index":"index","follow":"follow","max-snippet":"max-snippet:-1","max-image-preview":"max-image-preview:large","max-video-preview":"max-video-preview:-1"},"canonical":"https:\/\/luhacovice.cz\/de\/lazne-luhacovice\/","og_locale":"de_DE","og_type":"article","og_title":"L\u00e1zn\u011b Luha\u010dovice: prameny a s\u00edla p\u0159\u00edrody | Luha\u010dovice.cz","og_description":"Objevte s\u00edlu p\u0159\u00edrody! L\u00e1zn\u011b Luha\u010dovice v\u00e1s osv\u011b\u017e\u00ed miner\u00e1ln\u00edmi prameny i kr\u00e1snou p\u0159\u00edrodou. Nechte se h\u00fd\u010dkat b\u011bhem mas\u00e1\u017e\u00ed, koupel\u00ed a terapi\u00ed.","og_url":"https:\/\/luhacovice.cz\/de\/lazne-luhacovice\/","og_site_name":"Luha\u010dovice.cz","article_modified_time":"2020-10-27T20:13:53+00:00","og_image":[{"width":1404,"height":788,"url":"https:\/\/luhacovice.cz\/wp-content\/uploads\/2020\/10\/Alexandria-20.jpg","type":"image\/jpeg"}],"twitter_card":"summary_large_image","schema":{"@context":"https:\/\/schema.org","@graph":[{"@type":"WebPage","@id":"https:\/\/luhacovice.cz\/de\/lazne-luhacovice\/","url":"https:\/\/luhacovice.cz\/de\/lazne-luhacovice\/","name":"L\u00e1zn\u011b Luha\u010dovice: prameny a s\u00edla p\u0159\u00edrody | Luha\u010dovice.cz","isPartOf":{"@id":"https:\/\/luhacovice.cz\/#website"},"datePublished":"2020-08-05T09:21:54+00:00","dateModified":"2020-10-27T20:13:53+00:00","description":"Objevte s\u00edlu p\u0159\u00edrody! L\u00e1zn\u011b Luha\u010dovice v\u00e1s osv\u011b\u017e\u00ed miner\u00e1ln\u00edmi prameny i kr\u00e1snou p\u0159\u00edrodou. Nechte se h\u00fd\u010dkat b\u011bhem mas\u00e1\u017e\u00ed, koupel\u00ed a terapi\u00ed.","breadcrumb":{"@id":"https:\/\/luhacovice.cz\/de\/lazne-luhacovice\/#breadcrumb"},"inLanguage":"de","potentialAction":[{"@type":"ReadAction","target":["https:\/\/luhacovice.cz\/de\/lazne-luhacovice\/"]}]},{"@type":"BreadcrumbList","@id":"https:\/\/luhacovice.cz\/de\/lazne-luhacovice\/#breadcrumb","itemListElement":[{"@type":"ListItem","position":1,"name":"Home","item":"https:\/\/luhacovice.cz\/de\/"},{"@type":"ListItem","position":2,"name":"Spa Luha\u010dovice"}]},{"@type":"WebSite","@id":"https:\/\/luhacovice.cz\/#website","url":"https:\/\/luhacovice.cz\/","name":"Luha\u010dovice.cz","description":"Turistick\u00fd port\u00e1l Luha\u010dovice Pozlovice","potentialAction":[{"@type":"SearchAction","target":{"@type":"EntryPoint","urlTemplate":"https:\/\/luhacovice.cz\/?s={search_term_string}"},"query-input":"required name=search_term_string"}],"inLanguage":"de"}]}},"_links":{"self":[{"href":"https:\/\/luhacovice.cz\/de\/wp-json\/wp\/v2\/pages\/8536"}],"collection":[{"href":"https:\/\/luhacovice.cz\/de\/wp-json\/wp\/v2\/pages"}],"about":[{"href":"https:\/\/luhacovice.cz\/de\/wp-json\/wp\/v2\/types\/page"}],"author":[{"embeddable":true,"href":"https:\/\/luhacovice.cz\/de\/wp-json\/wp\/v2\/users\/1"}],"replies":[{"embeddable":true,"href":"https:\/\/luhacovice.cz\/de\/wp-json\/wp\/v2\/comments?post=8536"}],"version-history":[{"count":0,"href":"https:\/\/luhacovice.cz\/de\/wp-json\/wp\/v2\/pages\/8536\/revisions"}],"wp:featuredmedia":[{"embeddable":true,"href":"https:\/\/luhacovice.cz\/de\/wp-json\/wp\/v2\/media\/10826"}],"wp:attachment":[{"href":"https:\/\/luhacovice.cz\/de\/wp-json\/wp\/v2\/media?parent=8536"}],"curies":[{"name":"wp","href":"https:\/\/api.w.org\/{rel}","templated":true}]}}