{"id":8580,"date":"2020-09-16T12:12:02","date_gmt":"2020-09-16T10:12:02","guid":{"rendered":"https:\/\/luhacovice.cz\/summary-2\/"},"modified":"2020-09-17T10:21:50","modified_gmt":"2020-09-17T08:21:50","slug":"resumee","status":"publish","type":"page","link":"https:\/\/luhacovice.cz\/de\/resumee\/","title":{"rendered":"Res\u00fcmee"},"content":{"rendered":"\n<p><em><em>Dank erfolgreichem Badewesen, reichem kulturellen, gesellschaftlichen und sportlichen Leben und nicht zuletzt auch wundersch\u00f6ner Umgebung wurde die Stadt Luha\u010dovice zu einer gesuchten Sommerfrische, wo die Menschen nicht nur die Gesundheit zur\u00fcck gewinnen, sondern man kann auch angenehm Ruhe pflegen und beim Gepl\u00e4tscher der Quellen und leisem Gesang der Font\u00e4nen relaxen.<\/em><\/em><\/p>\n\n\n\n<div class=\"wp-block-image\"><figure class=\"alignright size-large is-resized\"><img decoding=\"async\" src=\"https:\/\/luhacovice.cz\/wp-content\/uploads\/2020\/09\/kolonada.jpg\" alt=\"\" class=\"wp-image-8499\" width=\"266\" height=\"176\" srcset=\"https:\/\/luhacovice.cz\/wp-content\/uploads\/2020\/09\/kolonada.jpg 700w, https:\/\/luhacovice.cz\/wp-content\/uploads\/2020\/09\/kolonada-250x166.jpg 250w, https:\/\/luhacovice.cz\/wp-content\/uploads\/2020\/09\/kolonada-120x80.jpg 120w\" sizes=\"(max-width: 266px) 100vw, 266px\" \/><\/figure><\/div>\n\n\n\n<p>Das gr\u00f6\u00dfte m\u00e4hrische Heilbad liegt ca. 15 km s\u00fcd\u00f6stlich von Zl\u00edn auf einem kleinen Fluss Horn\u00ed Ol\u0161ava in H\u00f6he von 250 Metern \u00fc. d. M. Luha\u010dovice kennzeichnen sich nicht nur mit Mineralquellen, sondern auch g\u00fcnstigen klimatischen Verh\u00e4ltnissen. Ab M\u00e4rz bis zu Oktober ist die Bew\u00f6lkung relativ klein, das gem\u00fctlichste Wetter herrscht Ende Sommer und Anfang Herbst. Der Winter hier ist kurz und mild.<\/p>\n\n\n\n<p>Trotz der Tieflandlage des Bades scheint sein Klima eher den Vorgebirgscharakter zu haben. Tiefe W\u00e4lder, meistens gemischt und mit gut markierten touristischen Pfaden, locken zu angenehmen Spazierg\u00e4ngen. Zur Badeumgebung geh\u00f6ren auch hergerichteten und geschm\u00fcckten Parks und Font\u00e4nen. Die bekannteste der Font\u00e4nen ist die Br\u00fcsselfont\u00e4ne von Jan Kavan. Die neueste Font\u00e4ne stammt aus dem Jahre 2000 und dekoriert den Kreisverkehr am Platz 28. Oktobers.<\/p>\n\n\n\n<p>Das ganze Gebiet beim Fluss Horn\u00ed Ol\u0161ava wurde schon dem Menschen bekannt, der ca. 30 000 Jahre vor unserer Zeitrechnung lebte. Die urv\u00e4terlichen J\u00e4ger hatten wahrscheinlich absichtlich die hiesigen Quellen gekannt und ausgesucht.<\/p>\n\n\n\n<div class=\"wp-block-image\"><figure class=\"alignright size-large is-resized\"><img decoding=\"async\" src=\"https:\/\/luhacovice.cz\/wp-content\/uploads\/2020\/09\/park.jpg\" alt=\"\" class=\"wp-image-8505\" width=\"266\" height=\"213\" srcset=\"https:\/\/luhacovice.cz\/wp-content\/uploads\/2020\/09\/park.jpg 700w, https:\/\/luhacovice.cz\/wp-content\/uploads\/2020\/09\/park-250x200.jpg 250w, https:\/\/luhacovice.cz\/wp-content\/uploads\/2020\/09\/park-120x96.jpg 120w\" sizes=\"(max-width: 266px) 100vw, 266px\" \/><\/figure><\/div>\n\n\n\n<p>Die erste schriftliche Erw\u00e4hnung der Gemeinde Luha\u010dovice stammt aus dem Jahre 1412. Der Landkreis war relativ arm und die Bev\u00f6lkerung litt unter wiederholten Einf\u00e4llen von T\u00fcrken, Tataren und ungarischen Kuruzen. Die Besitzer der Vorherrschaft wechselten miteinander bis zu 1629 ab. In diesem Jahr gelang die Grundherrschaft in das Besitztum des ungarischen adeligen Geschlechts der Herren von Serenyi. Diese erkannten das gro\u00dfe Reichtum in Form der Mineralquellen und begannen schrittweise mit ihrer Adaptation und mit der Entwicklung eines Heilbades. Anfang 20. Jahrhundert reichten jedoch die Mittel der Grafenfamilien nicht und dem Heilbad drohte Stagnation und Bankrott. Und damals traf in Luha\u010dovice MUDr. Franti\u0161ek Vesel\u00fd ein, der dort eine Aktiengesellschaft gr\u00fcndete, mit deren Entstehung eine riesige Aufschwung und Entwicklung des Luhatschowitzer Heilbades begannen.<\/p>\n\n\n\n<p><em>Vor allem die hiesigen Mineralquellen erwarben sich Verdienste darum, dass Luha\u010dovice, obwohl aus der Hinsicht der Fl\u00e4che klein, zu den bedeutendsten Heilb\u00e4dern gez\u00e4hlt wird. Es sind die W\u00e4sser, insbesondere Vincentka, Ottovka und Aloiska, die diesen Ort ins Bewusstsein und in Herzen Tausenden Menschen von Kindern ab bis zu Erwachsenen eingeschrieben haben.<\/em><\/p>\n\n\n\n<p><em>Die hiesigen Heilw\u00e4sser werden f\u00fcr eine der wirksamsten in Europa nicht nur f\u00fcr den hohen Umfang der Mineralstoffe gehalten, sondern auch f\u00fcr ihre ausgezeichnete Gasf\u00fcllung. Im Heilbad werden insgesamt 16 Hydrogencarbonat-Natriumchlorid-S\u00e4uerlinge und 1 Schwefelquelle ausgenutzt. Die W\u00e4sser beinhalten Natrium, Kalium, Kalzium, Magnesium, Ferrum, Kupfer, Strontium, Aluminium, Jod, Lithium, Barium, Fluor, Bor, Beryllium, Silber, Nickel, Zinn, Titan, Zink.<\/em><\/p>\n\n\n\n<p>In Luha\u010dovice werden die Erkrankungen des Atmungsorgans geheilt (Asthma, allergische Erkrankungen des Atmungsorgans, chronische Bronchitis, Stimmenst\u00f6rungen und Rauheit, postoperative Zust\u00e4nde des Atmungsorgans), weiter Krankheiten des Verdauungssystems (Verdauungsst\u00f6rungen und Appetitlosigkeit, Ruhestadium der geschw\u00fcrigen Erkrankungen von Magen und Zw\u00f6lffingerdarm, Zust\u00e4nde nach der Operationen von Magen, Speiser\u00f6hre und Gallenblase), Erkrankungen aus den Stoffwechselst\u00f6rungen (Zuckerkrankheit, Fettleibigkeit), St\u00f6rungen von Bewegungsapparat (schmerzhafte Erkrankungen von Sehnen, Muskeln, Muskelans\u00e4tzen, Extragelenkrheumatismus, schmerzhafte Wirbels\u00e4ulensyndrome), Erkrankungen von Herz- und Kreislaufsystem (funktionelle St\u00f6rungen von Periphergef\u00e4\u00dfen, leichte Formen von hypertonischer Krankheit) und onkologische Krankheiten &#8211; onkologische F\u00e4lle nach der Beendigung der Therapie.<\/p>\n\n\n\n<div class=\"wp-block-image\"><figure class=\"alignright size-large is-resized\"><img decoding=\"async\" src=\"https:\/\/luhacovice.cz\/wp-content\/uploads\/2020\/09\/vincentka-1.jpg\" alt=\"\" class=\"wp-image-8511\" width=\"266\" height=\"175\"\/><\/figure><\/div>\n\n\n\n<p>Der Badekur liegt die Ausnutzung von nat\u00fcrlichen Heilquellen in der Kombination mit modernsten Heil- und Rehabilitationsmethoden zu Grunde. Zu Heilprozeduren geh\u00f6ren weiter Trinkkur von Mineralw\u00e4ssern, Inhalierung, Umschl\u00e4ge, Massagen, hydrotherapeutische Prozeduren, Elektrotherapie, spezielle Therapie, Bewegungskur.<\/p>\n\n\n\n<p><em>&#8222;Dem Kranken zum Trost, dem Gesunden zum Vergn\u00fcgen&#8220; &#8211; die \u00dcberschrift bei einem der hiesigen Quellen schon ab Anfang vorigen Jahrhunderts, die das \u00f6rtliche Heilbad bis zu heutigen Tagen charakterisiert.<\/em><\/p>\n\n\n\n<p><em>Die beruhigende Atmosph\u00e4re von Luha\u010dovice ist nicht nur f\u00fcr die B\u00e4derg\u00e4ste ideal, sondern auch f\u00fcr Erholung und Entspannung von Touristen. Moderne Hotels mit breitem Angebot von Dienstleistungen und speziellen Aufenthalten f\u00fcr verschiedene Gruppen der Einwohner, dagegen die fast famili\u00e4re Atmosph\u00e4re der Pensionen, welche die Auswahl auch den meist anspruchsvollen Klienten erm\u00f6glicht. Ger\u00e4umige Kongresss\u00e4le, ein breites Angebot von Unterkunft, Verk\u00f6stigung und anderen Dienten inmitten von herrlicher Natur pr\u00e4destinieren diese Stadt direkt zu Stattfinden verschiedener Konferenzen, Treffen und Firmenparties Den Besuchern stehen einige Alternativen der Nutzung ihrer Freizeit zur Verf\u00fcgung. Die Kulturliebhaber besuchen bestimmt das Kurtheater, wo ein interessantes Programm sowohl aus dem Bereich der Musik, als auch des Schauspieles vorbereitet wird. Konzerte der Pers\u00f6nlichkeiten aus dem Bereich der Unterhaltung und Popmusik werden allj\u00e4hrlich von den Arbeitern des Stadtkulturhauses Elektra vorbereitet. Die Tanzveranstaltungen, Kolonnadenkonzerte, Zimbel- oder Akkordeonmusik tragen der Verbreitung von reichem Angebot der kulturellen Veranstaltungen bei. Die Getreuen von Malerkunst k\u00f6nnen sich von geheimnisvollen Parkecken mit Font\u00e4nen und Statuen inspirieren lassen, ebenso wie es viele bedeutsame Maler und Fotografen taten, z. B. Anton\u00edn Slav\u00ed\u010dek, Jo\u017ea \u00daprka, Zde\u0148ka Vorlov\u00e1, Otto Otmar, Franti\u0161ek Pe\u010dinka oder Ji\u0159\u00ed Pac\u00e1k. Man kann aber auch die hiesigen Galerien und Ausstellungen besuchen.<\/em><\/p>\n\n\n\n<p>Die Liebhaber von Ruhe und Einsamkeit finden ihre Siesta in malerischer Umgebung der umliegenden W\u00e4lder. Die Sportler und aktiv rastenden Menschen k\u00f6nnen sich hier der Touristik, der Fahrradtouristik, dem Schwimmen, dem Volleyball, Tennis, Minigolf oder Pferdreiten widmen. Am von der Stadt 2 km entfernten Stausee findet man den Schiff- und Sportsmittelverleih. Die Stadt bietet auch ein buntes Angebot von Schwimmhallen, Fitness, Entspannungs- und Rekonditionsstudios und Saunas, die man beim schlechten Wetter zur Vergn\u00fcgen ausnutzen kann. Eine Neuheit bildet Sporthalle mit Kegelbahn, die den Bedarf auch der Leistungssportler befriedigt. Im Museum von Luhatschowitzer Hinterwald (Luha\u010dovick\u00e9 Z\u00e1les\u00ed) kann man auch einige Kenntnisse gewinnen.<\/p>\n\n\n\n<p> Die Reisenden und die, welche kein Interesse daran haben, die Freizeit nur auf einem Ort zu verbringen, begr\u00fc\u00dfen die M\u00f6glichkeit vielen Ausfl\u00fcge in die Umgebung. Hiesigen Reiseb\u00fcros bieten halb- oder ganzt\u00e4gige Ausfl\u00fcge mit einem Reisef\u00fchrer sowohl in die n\u00e4chste als auch ferner liegende Umgebung. Das Schloss Le\u0161n\u00e1 beim Zl\u00edn, Ba\u0165a&#8217;s Kanal, Vizovice (Wisowitz), Krom\u011b\u0159\u00ed\u017e (Kremsier), Host\u00fdn (Hostein), Ro\u017enov pod Radho\u0161t\u011bm, das Alles bildet die Varianten k\u00fcrzerer ganzt\u00e4gigen Ausfl\u00fcge mit eigenem Wagen, per Bus oder f\u00fcr die Sportler auch am Fahrrad.<\/p>\n\n\n\n<p><em>Eine lange Liste m\u00fcsste jeder schaffen, damit alle Pers\u00f6nlichkeiten, die hier ihre Zeit verbrachten oder jetzt verbringen, verfasst werden konnten. Sowohl bekannte, als auch einfache Namen. Das Heilbad in Luha\u010dovice bezauberte die Besucher insofern, dass sie hier dauernd siedeln, oder regelm\u00e4\u00dfig zur\u00fcck kehren, wenn auch immer einige nur in eigenen Erinnerungen.<\/em><\/p>\n\n\n\n<p>Den bekanntesten Besucher dieses Ortes, der hierher f\u00fcnfundzwanzig Mal zur\u00fcck kehrte, bildete der weltber\u00fchmte Komponist Leo\u0161 Jan\u00e1\u010dek. Luha\u010dovice haben ihn bezaubert, wurden f\u00fcr ihn zu seiner expressiven Inspiration. Hier entstand seine &#8218;Glagolitische Messe&#8216;, ein Teil der Oper &#8218;Li\u0161ka Bystrou\u0161ka&#8216;. In der Atmosph\u00e4re der Kurkolonnade spielt sich der ganze vierte Akt seiner Oper &#8218;Osud&#8216; (Schicksal) ab. Zu Ehren dieses Gr\u00f6\u00dfen unserer Musik wird regelm\u00e4\u00dfig ein Musikfestival &#8222;Jan\u00e1\u010dek und Luha\u010dovice&#8220; veranstaltet. W\u00e4hrend n\u00e4chsten Jahren wirkten hier weitere Musikkomponisten und S\u00e4nger mit. F\u00fcr alle konnten wir mindestens Josef Suk, Otakar Ostr\u010dil, Jaroslav Kvapil, Libu\u0161e Doman\u00ednsk\u00e1, Marie Podvalov\u00e1 nennen. Aus bekannten Schauspielern haben hier praktisch alle Pers\u00f6nlichkeiten aufgetreten. Die Namen wie Jaroslav Vojta, Old\u0159ich Nov\u00fd, Vladim\u00edr Men\u0161\u00edk, Ji\u0159ina Jir\u00e1skov\u00e1 und andere traten regelm\u00e4\u00dfig auf den Plakaten des Kulturangebots auf.<\/p>\n\n\n\n<p><em>Auch die Schriftsteller kamen nach Luha\u010dovice regelm\u00e4\u00dfig f\u00fcr Inspiration an. Franti\u0161ek Ko\u017e\u00edk schrieb eigentlich zwei seine Romane direkt \u00fcber Pers\u00f6nlichkeiten, die hier mitwirkten. Zuerst, fasziniert mit der Pers\u00f6nlichkeit von Leo\u0161 Jan\u00e1\u010dek schrieb er seinen Roman &#8218;Po zarostl\u00e9m chodn\u00ed\u010dku&#8216; und sp\u00e4ter entdeckte er f\u00fcr seine Sch\u00f6pfung den Gr\u00fcnder hiesiger Aktiengesellschaft, Dr. Vesel\u00fd, den er in seinem Buch &#8218;Kouzeln\u00edk z\u00a0vily pod lipami&#8216; unsterblich machte. Au\u00dferdem treffen sich hier regelm\u00e4\u00dfig die Literaten auf einem Internationalen Treffen der Schriftsteller.<\/em><\/p>\n\n\n\n<p>Neben dem Festival &#8222;Jan\u00e1\u010dek und Luha\u010dovice&#8220; gastiert die Stadt das &#8222;Internationale folkloristische Festival der Kindergruppen&#8220; und das Festival &#8222;Luhatschowitzer Theater&#8220;. Eine bedeutsame Veranstaltung stellt auch die regelm\u00e4\u00dfige Quellen\u00f6ffnung dar.<\/p>\n\n\n\n<p><em>Luha\u010dovice ist keine Gro\u00dfstadt, hat keine ber\u00fchmte Denkm\u00e4ler. Die Stadt hat jedoch etwas, wessen sich die Leute, die hier leben, erst nach l\u00e4ngerer anderswo verbrachten Zeit bewusst werden. Etwas, was die Besucher zwar sp\u00fcren, jedoch nicht benennen kann. Wie konnte es bezeichnet werden? Ein Zauber, magische Kraft, Zusammenflie\u00dfen der Menschen mit der Natur, Geheimnis von Ruhe? Nennen wir das, wie wir wollen, eines ist sicher, das Bad Luha\u010dovice geh\u00f6rt zu den Orten, die uns irgendwie brandmarken.<\/em><\/p>\n\n\n\n<p>Der slowakische Architekt Du\u0161an Jurkovi\u010d lie\u00df hier Anfang 20. Jhs. seine Bauten realisieren, die der Stadt Luha\u010dovice ihren unwiderstehliche Zauber gepr\u00e4gt hatten. Seine Bauten st\u00f6ren die wundersch\u00f6ne Natur nicht, sondern werden zu ihrem Bestandteil und zugleich dienen allen Menschen sehr gut, f\u00fcr die sie bestimmt werden. Zu den Weltunikaten reiht sich auch das Jurkovi\u010d&#8217;s Haus und sein Haus &#8218;Slune\u010dn\u00ed l\u00e1zn\u011b&#8216; (Sommerbad) genannt. Im Aufbau der Stadtdominanten setzten nach ihm auch weitere ber\u00fchmte Architekten fort, worauf das Haus von B. Smetana aus 1909 hindeutet, projektiert vom Architekten Kr\u00e1l\u00edk, weiter das Geb\u00e4ude des Kurtheaters vom Architekten Skopal\u00edk oder das Areal der Tenniscourts mit der Ottovka-Quelle vom Architekten Sk\u0159iv\u00e1nek.<\/p>\n\n\n\n<p><em>Nach kurzer Kriegsstagnation begann sich das Bauwesen entwickeln und die Architekten B. Fuchs, J. L. Holz und die Br\u00fcder Kuba setzten im Aufbau neuer Geb\u00e4ude und Viertel fort. Der zweite Weltkrieg stoppte die Entwicklung wieder und die Pensionen und Hotels wurden von Deutschen ausgenutzt. Nach der Befreiung wurde ein monumentaler Kurortplatz mit der Vincentka-Halle ausgebaut und die Entwicklung verlief bis heute. Zu neuen erbauten Dominanten geh\u00f6ren das Geb\u00e4ude der Kirche der Heiligen Familie, projektiert von Architekten ing. Michal Brix und ing. Petr Franta, das Sanatorium Miramare vom Architekten Hanul\u00edk, die Kreuzung mit dem Kreisverkehr und die neue Sporthalle.<\/em><\/p>\n\n\n\n<p><strong>Die herrliche nat\u00fcrliche Szenerie und k\u00f6stliche Luft, mit Essenzen aus umliegenden W\u00e4ldern ges\u00e4ttigt, verbunden mit heilender Kraft der Mineralquellen und modernen Dienstleistungen. Jeder kann in Luha\u010dovice etwas bewundern, entdecken und finden. Die Stadt Luha\u010dovice lockt Sie zu Besuch und ist bereit, Sie zu verw\u00f6hnen.<\/strong><\/p>\n","protected":false},"excerpt":{"rendered":"Dank erfolgreichem Badewesen, reichem kulturellen, gesellschaftlichen und sportlichen Leben und nicht zuletzt auch wundersch\u00f6ner Umgebung wurde die Stadt Luha\u010dovice zu einer gesuchten Sommerfrische, wo die Menschen nicht nur die Gesundheit zur\u00fcck gewinnen, sondern man kann auch angenehm Ruhe pflegen und beim Gepl\u00e4tscher der Quellen und leisem Gesang der Font\u00e4nen relaxen. Das gr\u00f6\u00dfte m\u00e4hrische Heilbad liegt&#8230; <a class=\"view-article\" href=\"https:\/\/luhacovice.cz\/de\/resumee\/\">Artikel ansehen<\/a>","protected":false},"author":3,"featured_media":0,"parent":0,"menu_order":49,"comment_status":"closed","ping_status":"closed","template":"","meta":[],"yoast_head":"<!-- This site is optimized with the Yoast SEO plugin v20.4 - https:\/\/yoast.com\/wordpress\/plugins\/seo\/ -->\n<title>Res\u00fcmee - Luha\u010dovice.cz<\/title>\n<meta name=\"robots\" content=\"index, follow, max-snippet:-1, max-image-preview:large, max-video-preview:-1\" \/>\n<link rel=\"canonical\" href=\"https:\/\/luhacovice.cz\/de\/resumee\/\" \/>\n<meta property=\"og:locale\" content=\"de_DE\" \/>\n<meta property=\"og:type\" content=\"article\" \/>\n<meta property=\"og:title\" content=\"Res\u00fcmee - Luha\u010dovice.cz\" \/>\n<meta property=\"og:description\" content=\"Dank erfolgreichem Badewesen, reichem kulturellen, gesellschaftlichen und sportlichen Leben und nicht zuletzt auch wundersch\u00f6ner Umgebung wurde die Stadt Luha\u010dovice zu einer gesuchten Sommerfrische, wo die Menschen nicht nur die Gesundheit zur\u00fcck gewinnen, sondern man kann auch angenehm Ruhe pflegen und beim Gepl\u00e4tscher der Quellen und leisem Gesang der Font\u00e4nen relaxen. Das gr\u00f6\u00dfte m\u00e4hrische Heilbad liegt... Artikel ansehen\" \/>\n<meta property=\"og:url\" content=\"https:\/\/luhacovice.cz\/de\/resumee\/\" \/>\n<meta property=\"og:site_name\" content=\"Luha\u010dovice.cz\" \/>\n<meta property=\"article:modified_time\" content=\"2020-09-17T08:21:50+00:00\" \/>\n<meta property=\"og:image\" content=\"https:\/\/luhacovice.cz\/wp-content\/uploads\/2020\/09\/kolonada.jpg\" \/>\n<meta name=\"twitter:card\" content=\"summary_large_image\" \/>\n<meta name=\"twitter:label1\" content=\"Gesch\u00e4tzte Lesezeit\" \/>\n\t<meta name=\"twitter:data1\" content=\"9\u00a0Minuten\" \/>\n<script type=\"application\/ld+json\" class=\"yoast-schema-graph\">{\"@context\":\"https:\/\/schema.org\",\"@graph\":[{\"@type\":\"WebPage\",\"@id\":\"https:\/\/luhacovice.cz\/de\/resumee\/\",\"url\":\"https:\/\/luhacovice.cz\/de\/resumee\/\",\"name\":\"Res\u00fcmee - Luha\u010dovice.cz\",\"isPartOf\":{\"@id\":\"https:\/\/luhacovice.cz\/#website\"},\"datePublished\":\"2020-09-16T10:12:02+00:00\",\"dateModified\":\"2020-09-17T08:21:50+00:00\",\"breadcrumb\":{\"@id\":\"https:\/\/luhacovice.cz\/de\/resumee\/#breadcrumb\"},\"inLanguage\":\"de\",\"potentialAction\":[{\"@type\":\"ReadAction\",\"target\":[\"https:\/\/luhacovice.cz\/de\/resumee\/\"]}]},{\"@type\":\"BreadcrumbList\",\"@id\":\"https:\/\/luhacovice.cz\/de\/resumee\/#breadcrumb\",\"itemListElement\":[{\"@type\":\"ListItem\",\"position\":1,\"name\":\"Home\",\"item\":\"https:\/\/luhacovice.cz\/de\/\"},{\"@type\":\"ListItem\",\"position\":2,\"name\":\"Res\u00fcmee\"}]},{\"@type\":\"WebSite\",\"@id\":\"https:\/\/luhacovice.cz\/#website\",\"url\":\"https:\/\/luhacovice.cz\/\",\"name\":\"Luha\u010dovice.cz\",\"description\":\"Turistick\u00fd port\u00e1l Luha\u010dovice Pozlovice\",\"potentialAction\":[{\"@type\":\"SearchAction\",\"target\":{\"@type\":\"EntryPoint\",\"urlTemplate\":\"https:\/\/luhacovice.cz\/?s={search_term_string}\"},\"query-input\":\"required name=search_term_string\"}],\"inLanguage\":\"de\"}]}<\/script>\n<!-- \/ Yoast SEO plugin. -->","yoast_head_json":{"title":"Res\u00fcmee - Luha\u010dovice.cz","robots":{"index":"index","follow":"follow","max-snippet":"max-snippet:-1","max-image-preview":"max-image-preview:large","max-video-preview":"max-video-preview:-1"},"canonical":"https:\/\/luhacovice.cz\/de\/resumee\/","og_locale":"de_DE","og_type":"article","og_title":"Res\u00fcmee - Luha\u010dovice.cz","og_description":"Dank erfolgreichem Badewesen, reichem kulturellen, gesellschaftlichen und sportlichen Leben und nicht zuletzt auch wundersch\u00f6ner Umgebung wurde die Stadt Luha\u010dovice zu einer gesuchten Sommerfrische, wo die Menschen nicht nur die Gesundheit zur\u00fcck gewinnen, sondern man kann auch angenehm Ruhe pflegen und beim Gepl\u00e4tscher der Quellen und leisem Gesang der Font\u00e4nen relaxen. Das gr\u00f6\u00dfte m\u00e4hrische Heilbad liegt... Artikel ansehen","og_url":"https:\/\/luhacovice.cz\/de\/resumee\/","og_site_name":"Luha\u010dovice.cz","article_modified_time":"2020-09-17T08:21:50+00:00","og_image":[{"url":"https:\/\/luhacovice.cz\/wp-content\/uploads\/2020\/09\/kolonada.jpg"}],"twitter_card":"summary_large_image","twitter_misc":{"Gesch\u00e4tzte Lesezeit":"9\u00a0Minuten"},"schema":{"@context":"https:\/\/schema.org","@graph":[{"@type":"WebPage","@id":"https:\/\/luhacovice.cz\/de\/resumee\/","url":"https:\/\/luhacovice.cz\/de\/resumee\/","name":"Res\u00fcmee - Luha\u010dovice.cz","isPartOf":{"@id":"https:\/\/luhacovice.cz\/#website"},"datePublished":"2020-09-16T10:12:02+00:00","dateModified":"2020-09-17T08:21:50+00:00","breadcrumb":{"@id":"https:\/\/luhacovice.cz\/de\/resumee\/#breadcrumb"},"inLanguage":"de","potentialAction":[{"@type":"ReadAction","target":["https:\/\/luhacovice.cz\/de\/resumee\/"]}]},{"@type":"BreadcrumbList","@id":"https:\/\/luhacovice.cz\/de\/resumee\/#breadcrumb","itemListElement":[{"@type":"ListItem","position":1,"name":"Home","item":"https:\/\/luhacovice.cz\/de\/"},{"@type":"ListItem","position":2,"name":"Res\u00fcmee"}]},{"@type":"WebSite","@id":"https:\/\/luhacovice.cz\/#website","url":"https:\/\/luhacovice.cz\/","name":"Luha\u010dovice.cz","description":"Turistick\u00fd port\u00e1l Luha\u010dovice Pozlovice","potentialAction":[{"@type":"SearchAction","target":{"@type":"EntryPoint","urlTemplate":"https:\/\/luhacovice.cz\/?s={search_term_string}"},"query-input":"required name=search_term_string"}],"inLanguage":"de"}]}},"_links":{"self":[{"href":"https:\/\/luhacovice.cz\/de\/wp-json\/wp\/v2\/pages\/8580"}],"collection":[{"href":"https:\/\/luhacovice.cz\/de\/wp-json\/wp\/v2\/pages"}],"about":[{"href":"https:\/\/luhacovice.cz\/de\/wp-json\/wp\/v2\/types\/page"}],"author":[{"embeddable":true,"href":"https:\/\/luhacovice.cz\/de\/wp-json\/wp\/v2\/users\/3"}],"replies":[{"embeddable":true,"href":"https:\/\/luhacovice.cz\/de\/wp-json\/wp\/v2\/comments?post=8580"}],"version-history":[{"count":0,"href":"https:\/\/luhacovice.cz\/de\/wp-json\/wp\/v2\/pages\/8580\/revisions"}],"wp:attachment":[{"href":"https:\/\/luhacovice.cz\/de\/wp-json\/wp\/v2\/media?parent=8580"}],"curies":[{"name":"wp","href":"https:\/\/api.w.org\/{rel}","templated":true}]}}