{"id":8381,"date":"2020-08-05T18:24:50","date_gmt":"2020-08-05T16:24:50","guid":{"rendered":"https:\/\/luhacovice.cz\/kontakty\/"},"modified":"2023-09-27T13:24:38","modified_gmt":"2023-09-27T11:24:38","slug":"kontakty","status":"publish","type":"page","link":"https:\/\/luhacovice.cz\/en\/kontakty\/","title":{"rendered":"Kontakty"},"content":{"rendered":"\n<p class=\"has-medium-font-size\">Pot\u0159ebujete zjistit detaily o d\u011bn\u00ed v\u00a0Luha\u010dovic\u00edch? N\u00e1\u0161 <strong>nez\u00e1visl\u00fd turistick\u00fd port\u00e1l<\/strong> pro v\u00e1s p\u0159ipravil ve\u0161ker\u00e9 kontakty na jednom m\u00edst\u011b. Pot\u0159ebujete zaru\u010den\u00e9 a aktu\u00e1ln\u00ed informac\u00ed o luha\u010dovick\u00fdch l\u00e1zn\u00edch nebo m\u011bst\u011b Luha\u010dovice? Chcete si <strong>objednat parkov\u00e1n\u00ed<\/strong> nebo <strong>vstupenky na kulturu<\/strong>? <strong>Obra\u0165te se p\u0159\u00edmo na informa\u010dn\u00ed centra v destinaci Luha\u010dovice a Pozlovice.<\/strong> <br>N\u00e1\u0161 turistick\u00e1 server luhacovice.cz nem\u00e1 za c\u00edl suplovat tyto specializovan\u00e9 subjekty a r\u00e1d v\u00e1s s nimi propoj\u00ed.<\/p>\n\n\n\n<h3 class=\"wp-block-heading\">Infocentra v destinaci Luha\u010dovice a Pozlovice <\/h3>\n\n\n\n<div class=\"wp-block-group is-layout-flow\"><div class=\"wp-block-group__inner-container\">\n<ul>\n<li><a href=\"https:\/\/luhacovice.cz\/infocentrum-luhacovice\/\" target=\"_blank\" rel=\"noreferrer noopener\">M\u011bstsk\u00e9 turistick\u00e9 a informa\u010dn\u00ed centrum Luha\u010dovice<\/a> &#8211; m\u011bsto Luha\u010dovice provozuje v\u011bt\u0161inu parkovac\u00edch ploch ve m\u011bst\u011b. <\/li>\n\n\n\n<li><a href=\"https:\/\/luhacovice.cz\/infocentrum-lazne-luhacovice\/\" target=\"_blank\" rel=\"noreferrer noopener\">Turistick\u00e9 centrum L\u00e1zn\u00ed Luha\u010dovice a.s.<\/a> &#8211; L\u00e1zn\u011b Luha\u010dovice a.s. po\u0159\u00e1daj\u00ed mnoho kulturn\u00edch akc\u00ed a organizuj\u00ed v\u00fdlety do okol\u00ed.<\/li>\n\n\n\n<li><a href=\"https:\/\/luhacovice.cz\/infocentrum-pozlovice\/\" target=\"_blank\" rel=\"noreferrer noopener\">Turistick\u00e9 informa\u010dn\u00ed centrum Pozlovice<\/a> &#8211; m\u011bstys Pozlovice tvo\u0159\u00ed s Luha\u010dovicemi jednu turistickou oblast. <\/li>\n<\/ul>\n<\/div><\/div>\n\n\n\n<h3 class=\"wp-block-heading\">Univerz\u00e1ln\u00ed kontakt na L\u00e1zn\u011b Luha\u010dovice, a.s.<\/h3>\n\n\n\n<p>Telefon:\u00a0<a href=\"tel:00420577682111\">577 682 111<\/a><\/p>\n\n\n\n<p><\/p>\n\n\n\n<h3 class=\"wp-block-heading\">Redakce nez\u00e1visl\u00e9ho serveru Luhacovice.cz<\/h3>\n\n\n\n<p>T\u011b\u0161\u00edme se na va\u0161e n\u00e1m\u011bty a post\u0159ehy k obsahu serveru. Kontaktujte n\u00e1s i v p\u0159\u00edpad\u011b z\u00e1jmu o medi\u00e1ln\u00ed podporu.<\/p>\n\n\n\n<ul>\n<li>E-mail: <a href=\"mailto:akce@luhacovice.cz\">akce@luhacovice.cz<\/a> (pro po\u0159adatele akc\u00ed v Luha\u010dovic\u00edch a okol\u00ed)<br>Dotazy ohledn\u011b vstupenek pros\u00edm \u0159e\u0161te p\u0159\u00edmo s po\u0159adatelem nebo kontaktujte m\u00edstn\u00ed <a href=\"https:\/\/luhacovice.cz\/infocentra\/\">infocentra<\/a>.<\/li>\n\n\n\n<li>E-mail: <a href=\"mailto:redakce@luhacovice.cz\">redakce@luhacovice.cz<\/a> (obecn\u00fd obsah serveru mimo <a href=\"https:\/\/adresar.luhacovice.cz\/\" target=\"_blank\" rel=\"noreferrer noopener\">Adres\u00e1\u0159 subjekt\u016f<\/a>),<\/li>\n\n\n\n<li>E-mail: <a href=\"mailto:adresar@luhacovice.cz\">adresar@luhacovice.cz<\/a> (obsah <a href=\"https:\/\/adresar.luhacovice.cz\/\">Adres\u00e1\u0159e subjekt\u016f<\/a>),<\/li>\n<\/ul>\n\n\n\n<p><strong>Pokud po\u0159\u00e1d\u00e1te zaj\u00edmavou ve\u0159ejnou akci<\/strong> se vztahem k destinaci Luha\u010dovice, <a href=\"https:\/\/luhacovice.cz\/pridat-akci\/\">dejte o n\u00ed v\u011bd\u011bt<\/a> na\u0161im \u010dten\u00e1\u0159\u016fm. <\/p>\n\n\n\n<p><strong>Nez\u00e1visl\u00fd turistick\u00fd server Luhacovice.cz <\/strong>nen\u00ed provozov\u00e1n m\u011bstem Luha\u010dovice ani L\u00e1zn\u011bmi Luha\u010dovice a.s.,<strong> je placen v\u00fdhradn\u011b z p\u0159\u00edjmu z reklam<\/strong>, proto nab\u00edz\u00ed \u0159adu <a href=\"https:\/\/luhacovice.cz\/en\/inzerce\/\">inzertn\u00edch prostor<\/a> pro zviditeln\u011bn\u00ed Va\u0161\u00ed firmy, instituce \u010di akce. P\u0159e\u010dt\u011bte si <a href=\"https:\/\/luhacovice.cz\/en\/inzerce\/\">v\u00edce<\/a> nebo n\u00e1s kontaktujte pro bli\u017e\u0161\u00ed informace. Zajist\u00edme v\u00e1m tak\u00e9 propagaci na krajsk\u00e9m informa\u010dn\u00edm serveru <a href=\"https:\/\/zlin.cz\" target=\"_blank\" rel=\"noreferrer noopener\">Zlin.cz<\/a>.<\/p>\n\n\n\n<ul>\n<li>E-mail: <a href=\"mailto:inzerce@luhacovice.cz\">inzerce@luhacovice.cz<\/a><\/li>\n\n\n\n<li>Tel.: +420 575 575 785 (po-p\u00e1: 8-16 hod) &#8211; telefonn\u00ed kontakt pro z\u00e1jemce o inzerci a na\u0161e z\u00e1kazn\u00edky. Telefon neslou\u017e\u00ed k objedn\u00e1v\u00e1n\u00ed l\u00e1ze\u0148sk\u00fdch procedur a pobyt\u016f.<\/li>\n<\/ul>\n\n\n\n<div style=\"height:24px\" aria-hidden=\"true\" class=\"wp-block-spacer\"><\/div>\n\n\n\n<h3 class=\"wp-block-heading\">Provozovatel serveru Luhacovice.cz<\/h3>\n\n\n\n<p>spole\u010dnost <strong>ZLIN.CZ s.r.o.<\/strong><br>Vavre\u010dkova 5262, <br>760 01 Zl\u00edn<br>I\u010c: 059 82 812<br><\/p>\n\n\n\n<p><\/p>\n\n\n\n<p><\/p>\n","protected":false},"excerpt":{"rendered":"Pot\u0159ebujete zjistit detaily o d\u011bn\u00ed v\u00a0Luha\u010dovic\u00edch? N\u00e1\u0161 nez\u00e1visl\u00fd turistick\u00fd port\u00e1l pro v\u00e1s p\u0159ipravil ve\u0161ker\u00e9 kontakty na jednom m\u00edst\u011b. Pot\u0159ebujete zaru\u010den\u00e9 a aktu\u00e1ln\u00ed informac\u00ed o luha\u010dovick\u00fdch l\u00e1zn\u00edch nebo m\u011bst\u011b Luha\u010dovice? Chcete si objednat parkov\u00e1n\u00ed nebo vstupenky na kulturu? Obra\u0165te se p\u0159\u00edmo na informa\u010dn\u00ed centra v destinaci Luha\u010dovice a Pozlovice. N\u00e1\u0161 turistick\u00e1 server luhacovice.cz nem\u00e1 za c\u00edl&#8230; <a class=\"view-article\" href=\"https:\/\/luhacovice.cz\/en\/kontakty\/\">View Article<\/a>","protected":false},"author":1,"featured_media":103547,"parent":0,"menu_order":126,"comment_status":"closed","ping_status":"closed","template":"","meta":[],"yoast_head":"<!-- This site is optimized with the Yoast SEO plugin v20.4 - https:\/\/yoast.com\/wordpress\/plugins\/seo\/ -->\n<title>P\u0159ehledn\u00e9 kontakty ke v\u0161em na\u0161im slu\u017eb\u00e1m | Luha\u010dovice.cz<\/title>\n<meta name=\"description\" content=\"Zaj\u00edmaj\u00ed v\u00e1s detailn\u011b Luha\u010dovice? Kontakty p\u0159ehledn\u011b na jednom m\u00edst\u011b se mohou hodit. Pro turistick\u00e9 informace volejte: +420 577 133 980.\" \/>\n<meta name=\"robots\" content=\"index, follow, max-snippet:-1, max-image-preview:large, max-video-preview:-1\" \/>\n<link rel=\"canonical\" href=\"https:\/\/luhacovice.cz\/en\/kontakty\/\" \/>\n<meta property=\"og:locale\" content=\"en_US\" \/>\n<meta property=\"og:type\" content=\"article\" \/>\n<meta property=\"og:title\" content=\"P\u0159ehledn\u00e9 kontakty ke v\u0161em na\u0161im slu\u017eb\u00e1m | Luha\u010dovice.cz\" \/>\n<meta property=\"og:description\" content=\"Zaj\u00edmaj\u00ed v\u00e1s detailn\u011b Luha\u010dovice? Kontakty p\u0159ehledn\u011b na jednom m\u00edst\u011b se mohou hodit. Pro turistick\u00e9 informace volejte: +420 577 133 980.\" \/>\n<meta property=\"og:url\" content=\"https:\/\/luhacovice.cz\/en\/kontakty\/\" \/>\n<meta property=\"og:site_name\" content=\"Luha\u010dovice.cz\" \/>\n<meta property=\"article:modified_time\" content=\"2023-09-27T11:24:38+00:00\" \/>\n<meta property=\"og:image\" content=\"https:\/\/luhacovice.cz\/wp-content\/uploads\/2020\/10\/DSC6967.jpg\" \/>\n\t<meta property=\"og:image:width\" content=\"2560\" \/>\n\t<meta property=\"og:image:height\" content=\"1709\" \/>\n\t<meta property=\"og:image:type\" content=\"image\/jpeg\" \/>\n<meta name=\"twitter:card\" content=\"summary_large_image\" \/>\n<meta name=\"twitter:label1\" content=\"Est. reading time\" \/>\n\t<meta name=\"twitter:data1\" content=\"2 minutes\" \/>\n<script type=\"application\/ld+json\" class=\"yoast-schema-graph\">{\"@context\":\"https:\/\/schema.org\",\"@graph\":[{\"@type\":\"WebPage\",\"@id\":\"https:\/\/luhacovice.cz\/en\/kontakty\/\",\"url\":\"https:\/\/luhacovice.cz\/en\/kontakty\/\",\"name\":\"P\u0159ehledn\u00e9 kontakty ke v\u0161em na\u0161im slu\u017eb\u00e1m | Luha\u010dovice.cz\",\"isPartOf\":{\"@id\":\"https:\/\/luhacovice.cz\/#website\"},\"datePublished\":\"2020-08-05T16:24:50+00:00\",\"dateModified\":\"2023-09-27T11:24:38+00:00\",\"description\":\"Zaj\u00edmaj\u00ed v\u00e1s detailn\u011b Luha\u010dovice? Kontakty p\u0159ehledn\u011b na jednom m\u00edst\u011b se mohou hodit. Pro turistick\u00e9 informace volejte: +420 577 133 980.\",\"breadcrumb\":{\"@id\":\"https:\/\/luhacovice.cz\/en\/kontakty\/#breadcrumb\"},\"inLanguage\":\"en-US\",\"potentialAction\":[{\"@type\":\"ReadAction\",\"target\":[\"https:\/\/luhacovice.cz\/en\/kontakty\/\"]}]},{\"@type\":\"BreadcrumbList\",\"@id\":\"https:\/\/luhacovice.cz\/en\/kontakty\/#breadcrumb\",\"itemListElement\":[{\"@type\":\"ListItem\",\"position\":1,\"name\":\"Home\",\"item\":\"https:\/\/luhacovice.cz\/en\/\"},{\"@type\":\"ListItem\",\"position\":2,\"name\":\"Kontakty\"}]},{\"@type\":\"WebSite\",\"@id\":\"https:\/\/luhacovice.cz\/#website\",\"url\":\"https:\/\/luhacovice.cz\/\",\"name\":\"Luha\u010dovice.cz\",\"description\":\"Turistick\u00fd port\u00e1l Luha\u010dovice Pozlovice\",\"potentialAction\":[{\"@type\":\"SearchAction\",\"target\":{\"@type\":\"EntryPoint\",\"urlTemplate\":\"https:\/\/luhacovice.cz\/?s={search_term_string}\"},\"query-input\":\"required name=search_term_string\"}],\"inLanguage\":\"en-US\"}]}<\/script>\n<!-- \/ Yoast SEO plugin. -->","yoast_head_json":{"title":"P\u0159ehledn\u00e9 kontakty ke v\u0161em na\u0161im slu\u017eb\u00e1m | Luha\u010dovice.cz","description":"Zaj\u00edmaj\u00ed v\u00e1s detailn\u011b Luha\u010dovice? Kontakty p\u0159ehledn\u011b na jednom m\u00edst\u011b se mohou hodit. Pro turistick\u00e9 informace volejte: +420 577 133 980.","robots":{"index":"index","follow":"follow","max-snippet":"max-snippet:-1","max-image-preview":"max-image-preview:large","max-video-preview":"max-video-preview:-1"},"canonical":"https:\/\/luhacovice.cz\/en\/kontakty\/","og_locale":"en_US","og_type":"article","og_title":"P\u0159ehledn\u00e9 kontakty ke v\u0161em na\u0161im slu\u017eb\u00e1m | Luha\u010dovice.cz","og_description":"Zaj\u00edmaj\u00ed v\u00e1s detailn\u011b Luha\u010dovice? Kontakty p\u0159ehledn\u011b na jednom m\u00edst\u011b se mohou hodit. Pro turistick\u00e9 informace volejte: +420 577 133 980.","og_url":"https:\/\/luhacovice.cz\/en\/kontakty\/","og_site_name":"Luha\u010dovice.cz","article_modified_time":"2023-09-27T11:24:38+00:00","og_image":[{"width":2560,"height":1709,"url":"https:\/\/luhacovice.cz\/wp-content\/uploads\/2020\/10\/DSC6967.jpg","type":"image\/jpeg"}],"twitter_card":"summary_large_image","twitter_misc":{"Est. reading time":"2 minutes"},"schema":{"@context":"https:\/\/schema.org","@graph":[{"@type":"WebPage","@id":"https:\/\/luhacovice.cz\/en\/kontakty\/","url":"https:\/\/luhacovice.cz\/en\/kontakty\/","name":"P\u0159ehledn\u00e9 kontakty ke v\u0161em na\u0161im slu\u017eb\u00e1m | Luha\u010dovice.cz","isPartOf":{"@id":"https:\/\/luhacovice.cz\/#website"},"datePublished":"2020-08-05T16:24:50+00:00","dateModified":"2023-09-27T11:24:38+00:00","description":"Zaj\u00edmaj\u00ed v\u00e1s detailn\u011b Luha\u010dovice? Kontakty p\u0159ehledn\u011b na jednom m\u00edst\u011b se mohou hodit. Pro turistick\u00e9 informace volejte: +420 577 133 980.","breadcrumb":{"@id":"https:\/\/luhacovice.cz\/en\/kontakty\/#breadcrumb"},"inLanguage":"en-US","potentialAction":[{"@type":"ReadAction","target":["https:\/\/luhacovice.cz\/en\/kontakty\/"]}]},{"@type":"BreadcrumbList","@id":"https:\/\/luhacovice.cz\/en\/kontakty\/#breadcrumb","itemListElement":[{"@type":"ListItem","position":1,"name":"Home","item":"https:\/\/luhacovice.cz\/en\/"},{"@type":"ListItem","position":2,"name":"Kontakty"}]},{"@type":"WebSite","@id":"https:\/\/luhacovice.cz\/#website","url":"https:\/\/luhacovice.cz\/","name":"Luha\u010dovice.cz","description":"Turistick\u00fd port\u00e1l Luha\u010dovice Pozlovice","potentialAction":[{"@type":"SearchAction","target":{"@type":"EntryPoint","urlTemplate":"https:\/\/luhacovice.cz\/?s={search_term_string}"},"query-input":"required name=search_term_string"}],"inLanguage":"en-US"}]}},"_links":{"self":[{"href":"https:\/\/luhacovice.cz\/en\/wp-json\/wp\/v2\/pages\/8381"}],"collection":[{"href":"https:\/\/luhacovice.cz\/en\/wp-json\/wp\/v2\/pages"}],"about":[{"href":"https:\/\/luhacovice.cz\/en\/wp-json\/wp\/v2\/types\/page"}],"author":[{"embeddable":true,"href":"https:\/\/luhacovice.cz\/en\/wp-json\/wp\/v2\/users\/1"}],"replies":[{"embeddable":true,"href":"https:\/\/luhacovice.cz\/en\/wp-json\/wp\/v2\/comments?post=8381"}],"version-history":[{"count":5,"href":"https:\/\/luhacovice.cz\/en\/wp-json\/wp\/v2\/pages\/8381\/revisions"}],"predecessor-version":[{"id":1059884,"href":"https:\/\/luhacovice.cz\/en\/wp-json\/wp\/v2\/pages\/8381\/revisions\/1059884"}],"wp:featuredmedia":[{"embeddable":true,"href":"https:\/\/luhacovice.cz\/en\/wp-json\/wp\/v2\/media\/103547"}],"wp:attachment":[{"href":"https:\/\/luhacovice.cz\/en\/wp-json\/wp\/v2\/media?parent=8381"}],"curies":[{"name":"wp","href":"https:\/\/api.w.org\/{rel}","templated":true}]}}