{"id":8383,"date":"2020-08-05T15:39:17","date_gmt":"2020-08-05T13:39:17","guid":{"rendered":"https:\/\/luhacovice.cz\/inzerce\/"},"modified":"2023-06-06T06:33:30","modified_gmt":"2023-06-06T04:33:30","slug":"inzerce","status":"publish","type":"page","link":"https:\/\/luhacovice.cz\/en\/inzerce\/","title":{"rendered":"Inzerce a reklama"},"content":{"rendered":"\n<p><\/p>\n\n\n\n<h3 class=\"wp-block-heading\">Kontakty<\/h3>\n\n\n\n<ul>\n<li><strong>Obchodn\u00ed odd\u011blen\u00ed:<\/strong>&nbsp;&nbsp;<a href=\"mailto:inzerce@zlin.cz\">inzerce@luhacovice.cz<\/a> (prodej inzerce)<\/li>\n\n\n\n<li><strong>Redakce:<\/strong>&nbsp;<a href=\"mailto:redakce@zlin.cz\">redakce@luhacovice.cz<\/a> (obsah serveru)<\/li>\n<\/ul>\n\n\n\n<p>Server Luhacovice.cz je <strong>turistick\u00fdm pr\u016fvodcem<\/strong> l\u00e1ze\u0148sk\u00fdm m\u011bstem, kter\u00fd slou\u017e\u00ed v\u0161em n\u00e1v\u0161t\u011bvn\u00edk\u016f, kte\u0159\u00ed zav\u00edtali do Luha\u010dovic nebo teprve zva\u017euj\u00ed n\u00e1v\u0161t\u011bvu t\u00e9to v\u00fdznamn\u00e9 turistick\u00e9 destinace na Morav\u011b. Server nab\u00edz\u00ed \u0159adu mo\u017enost\u00ed, jak o sob\u011b d\u00e1t v\u011bd\u011bt. Region\u00e1ln\u00edm podnikatel\u016fm d\u00e1v\u00e1 mo\u017enost propagovat sv\u00e9 slu\u017eby i v\u00fdrobky za pomoc\u00ed bannerov\u00e9 reklamy, adres\u00e1\u0159ov\u00fdch z\u00e1pis\u016f a dal\u0161\u00edch slu\u017eeb.<\/p>\n\n\n\n<p><\/p>\n\n\n\n<p class=\"bg-primary\"><strong><a class=\"text-white\" href=\"https:\/\/luhacovice.cz\/wp-content\/uploads\/2023\/06\/2023-LUH-mediainfo.pdf\" target=\"_blank\" rel=\"noreferrer noopener\">Cen\u00edk ke sta\u017een\u00ed<\/a><\/strong><\/p>\n\n\n\n<p><\/p>\n\n\n\n<h3 class=\"wp-block-heading\">Pro\u010d inzerovat na serveru Luhacovice.cz<\/h3>\n\n\n\n<ul>\n<li>server nav\u0161t\u00edv\u00ed&nbsp;<strong>50 tis\u00edc n\u00e1v\u0161t\u011bvn\u00edk\u016f<\/strong>&nbsp;m\u011bs\u00ed\u010dn\u011b a ti shl\u00e9dnou celkov\u011b v\u00edce ne\u017e&nbsp;<strong>150 tis\u00edc str\u00e1nek<\/strong><\/li>\n\n\n\n<li>server m\u00e1&nbsp;<strong>unik\u00e1tn\u00ed region\u00e1ln\u00ed c\u00edlen\u00ed<\/strong>&nbsp;na Luha\u010dovicko<\/li>\n\n\n\n<li>responzivn\u00ed design &#8211; <strong>modern\u00ed reklamn\u00ed form\u00e1ty<\/strong> jak v desktopov\u00e9 tak i mobiln\u00ed verzi<\/li>\n\n\n\n<li>server v \u010desk\u00e9 n\u00e1rodn\u00ed dom\u00e9n\u011b .cz<\/li>\n\n\n\n<li><strong>dlouholet\u00e1 tradice<\/strong>, server b\u011b\u017e\u00ed ji\u017e v\u00edce ne\u017e 18 let<\/li>\n\n\n\n<li>dod\u00e1me V\u00e1m p\u0159esn\u00e9&nbsp;<strong>statistiky \u00fasp\u011b\u0161nosti<\/strong>&nbsp;Va\u0161i reklamn\u00ed kampan\u011b<\/li>\n\n\n\n<li>m\u016f\u017eete \u010dekat prvot\u0159\u00eddn\u00ed servis od na\u0161ich specialist\u016f, kte\u0159\u00ed V\u00e1m r\u00e1di pomohou s nastaven\u00edm reklamy<\/li>\n\n\n\n<li>inzerci na serveru Luhacovice.cz lze <strong>v\u00fdhodn\u011b kombinovat<\/strong> s inzerc\u00ed na nejsledovan\u011bj\u0161\u00edm krajsk\u00e9m informa\u010dn\u00edm serveru&nbsp;<a href=\"http:\/\/www.zlin.cz\/\" target=\"_blank\" rel=\"noreferrer noopener\">Zlin.cz<\/a><\/li>\n<\/ul>\n\n\n\n<h3 class=\"wp-block-heading\">Dal\u0161\u00ed mo\u017enosti inzerce<\/h3>\n\n\n<div class=\"wp-block-image\">\n<figure class=\"alignleft size-large is-resized\"><img decoding=\"async\" src=\"https:\/\/luhacovice.cz\/wp-content\/uploads\/2020\/09\/zlin-cz-luhacovice-700x700.jpg\" alt=\"\" class=\"wp-image-5043\" width=\"82\" height=\"82\"\/><\/figure><\/div>\n\n\n<p>Kombinujte v\u00fdhodn\u011b s inzerc\u00ed na serveru <a href=\"https:\/\/zlin.cz\/\">Zlin.cz<\/a>, kter\u00fd V\u00e1m umo\u017e\u0148uje zam\u011b\u0159it se na velmi specifickou c\u00edlovou skupinu obyvatel a n\u00e1v\u0161t\u011bvn\u00edk\u016f nejv\u011bt\u0161\u00edho l\u00e1ze\u0148sk\u00e9ho m\u011bsta Moravy.<\/p>\n\n\n\n<h3 class=\"wp-block-heading\">Reklamn\u00ed bannery<\/h3>\n\n\n\n<figure class=\"wp-block-table is-style-stripes\"><table><tbody><tr><td><strong>FORM\u00c1T<\/strong><\/td><td><strong>GARANCE IMPRES\u00cd<\/strong>&nbsp; \/ T\u00ddDEN<br>1.5. &#8211; 30.9.<\/td><td><strong>GARANCE IMPRES\u00cd<\/strong>&nbsp; \/ T\u00ddDEN<br>1.1. &#8211; 30.4. a 1.10. &#8211; 31.12.<\/td><td><strong>CENA<\/strong><\/td><\/tr><tr><td>Button 300 &#8211; 300x300px (mobil+plocha)<\/td><td>20 000<\/td><td>15 000<\/td><td>5 000 K\u010d<\/td><\/tr><tr><td>Widesquare &#8211; 480x300px (mobil+plocha)<\/td><td>20 000<\/td><td>15 000<\/td><td>5 000 K\u010d<\/td><\/tr><tr><td>Halfpage &#8211; 300x600px<br>(mobil+plocha)<\/td><td>20 000<\/td><td>15 000<\/td><td>5 000 K\u010d<\/td><\/tr><tr><td>Nativ &#8211; 480x185px<br>(mobil+plocha)<\/td><td>20 000<\/td><td>15 000 <\/td><td>5 000 K\u010d<\/td><\/tr><tr><td>Bigboard &#8211; 998x300px<br>(plocha)<\/td><td>20 000<\/td><td>15 000<\/td><td>5 000 K\u010d<\/td><\/tr><tr><td>Floor Ad &#8211; 320x100px<br>(mobil)<\/td><td>20 000<\/td><td>15 000<\/td><td>5 000 K\u010d<\/td><\/tr><tr><td>Paralax &#8211; 320x720px<br>(mobil)<\/td><td>8 000<\/td><td>5 000<\/td><td>5 000 K\u010d<\/td><\/tr><\/tbody><\/table><\/figure>\n\n\n\n<p>Ozna\u010den\u00ed <strong>&#8220;mobil+plocha&#8221;<\/strong> v\u00fd\u0161e znamen\u00e1 form\u00e1t zobrazovan\u00fd v desktopov\u00e9 i mobiln\u00ed verzi webu. Form\u00e1t ozna\u010den\u00fd jako <strong>&#8220;plocha&#8221;<\/strong> se zobrazuje jen v desktopov\u00e9 verzi webu, form\u00e1t <strong>&#8220;mobil&#8221;<\/strong> najdete pouze v mobiln\u00ed verzi webu.<\/p>\n\n\n\n<p>Dodr\u017eujte pros\u00edm <a href=\"https:\/\/luhacovice.cz\/pravidla-pro-tvorbu-reklamnich-formatu\/\">pravidla a podm\u00ednky<\/a> pro tvorbu banner\u016f, komer\u010dn\u00edho sd\u011blen\u00ed a dal\u0161\u00edch reklamn\u00edch form\u00e1t\u016f.<\/p>\n\n\n\n<h3 class=\"wp-block-heading\">Adres\u00e1\u0159ov\u00e9 slu\u017eby, ostatn\u00ed reklama<\/h3>\n\n\n\n<figure class=\"wp-block-table is-style-stripes\"><table><tbody><tr><td><strong>FORM\u00c1T<\/strong><\/td><td><strong>CENA<\/strong><\/td><td><strong>P\u0158EDPLATN\u00c9<\/strong><\/td><\/tr><tr><td>Z\u00e1kladn\u00ed z\u00e1pis v adres\u00e1\u0159i<\/td><td>zdarma<\/td><td>zdarma<\/td><\/tr><tr><td>Z\u00e1kladn\u00ed z\u00e1pis Plus v adres\u00e1\u0159i<\/td><td>120 K\u010d\/m\u011bs\u00edc*<\/td><td>1 200 K\u010d\/rok<\/td><\/tr><tr><td>Roz\u0161\u00ed\u0159en\u00fd z\u00e1pis v adres\u00e1\u0159i (Ubytov\u00e1n\u00ed)<\/td><td>399 K\u010d\/m\u011bs\u00edc<\/td><td>3 990 K\u010d\/rok<\/td><\/tr><tr><td>Roz\u0161\u00ed\u0159en\u00fd z\u00e1pis v adres\u00e1\u0159i (Ubytov\u00e1n\u00ed v soukrom\u00ed do 6 l\u016f\u017eek, ostatn\u00ed kategorie)<\/td><td>150 K\u010d\/m\u011bs\u00edc*<\/td><td>1 500 K\u010d\/rok<\/td><\/tr><tr><td>Prioritn\u00ed z\u00e1pis v adres\u00e1\u0159i (Ubytov\u00e1n\u00ed)<\/td><td>600 K\u010d\/m\u011bs\u00edc<\/td><td>6 000 K\u010d\/rok<\/td><\/tr><tr><td>Prioritn\u00ed z\u00e1pis v adres\u00e1\u0159i (Ubytov\u00e1n\u00ed v soukrom\u00ed do 6 l\u016f\u017eek, ostatn\u00ed kategorie)<\/td><td>100 K\u010d\/m\u011bs\u00edc*<\/td><td>1 000 K\u010d\/rok<\/td><\/tr><tr><td>Komer\u010dn\u00ed \u010dl\u00e1nek<\/td><td>4 500 K\u010d<\/td><td>&#8211;<\/td><\/tr><tr><td>Sponzor webkamery<\/td><td>3 000 K\u010d\/m\u011bs\u00edc<\/td><td>30 000 K\u010d\/rok<\/td><\/tr><\/tbody><\/table><\/figure>\n\n\n\n<p>* poplatek je \u00fa\u010dtov\u00e1n formou t\u0159\u00edm\u011bs\u00ed\u010dn\u00edho p\u0159edplatn\u00e9ho<br>Ceny jsou uvedeny bez DPH.<\/p>\n\n\n\n<h4 class=\"wp-block-heading\">Z\u00e1kladn\u00ed z\u00e1pis:<\/h4>\n\n\n\n<p>N\u00e1zev, adresa, z\u00e1kladn\u00ed popis (200 znak\u016f), telefon a e-mail.<\/p>\n\n\n\n<h4 class=\"wp-block-heading\">Z\u00e1kladn\u00ed z\u00e1pis Plus:<\/h4>\n\n\n\n<p>N\u00e1zev, adresa, z\u00e1kladn\u00ed popis (200 znak\u016f), telefon, e-mail, odkaz na WWW str\u00e1nky (zp\u011btn\u00fd odkaz).<\/p>\n\n\n\n<h4 class=\"wp-block-heading\">Roz\u0161\u00ed\u0159en\u00fd z\u00e1pis:<\/h4>\n\n\n\n<p>Z\u00e1kladn\u00ed z\u00e1pis Plus a nav\u00edc \u00favodn\u00ed foto, fotogalerie, detailn\u00ed informace bez omezen\u00ed po\u010dtu znak\u016f, roz\u0161\u00ed\u0159en\u00fd v\u00fdpis slu\u017eeb a vybaven\u00ed, v\u00edce telefonn\u00edch a e-mailov\u00fdch kontakt\u016f, odkaz na Facebook, um\u00edst\u011bn\u00ed na map\u011b.<\/p>\n\n\n\n<p>V sekci&nbsp;<a href=\"https:\/\/adresar.luhacovice.cz\/ubytovani\"><strong>Ubytov\u00e1n\u00ed&nbsp;<\/strong><\/a>nav\u00edc \u2013 cen\u00edk ubytov\u00e1n\u00ed, p\u0159ij\u00edman\u00e9 platebn\u00ed karty, ikony pro nab\u00edzen\u00e9 slu\u017eby a vybaven\u00ed.<\/p>\n\n\n\n<p>V sekci&nbsp;<a href=\"https:\/\/adresar.luhacovice.cz\/stravovani\"><strong>Stravov\u00e1n\u00ed<\/strong><\/a>&nbsp;nav\u00edc \u2013 otev\u00edrac\u00ed doba, p\u0159ij\u00edman\u00e9 platebn\u00ed karty a stravenky, ikony pro nab\u00edzen\u00e9 slu\u017eby a vybaven\u00ed.<\/p>\n\n\n\n<p>V sekci<strong>&nbsp;Ostatn\u00ed&nbsp;<\/strong>nav\u00edc \u2013 otev\u00edrac\u00ed doba.<\/p>\n\n\n\n<h4 class=\"wp-block-heading\">Prioritn\u00ed z\u00e1pis:<\/h4>\n\n\n\n<p>P\u0159ednostn\u00ed pozice a grafick\u00e9 zv\u00fdrazn\u011bn\u00ed.<\/p>\n\n\n\n<p><strong>Komer\u010dn\u00ed \u010dl\u00e1nek a sponzor webkamery<\/strong>&nbsp;viz&nbsp;<a href=\"https:\/\/luhacovice.cz\/pravidla-pro-tvorbu-reklamnich-formatu\/\">pravidla a podm\u00ednky<\/a>.<\/p>\n\n\n\n<p><\/p>\n","protected":false},"excerpt":{"rendered":"Kontakty Server Luhacovice.cz je turistick\u00fdm pr\u016fvodcem l\u00e1ze\u0148sk\u00fdm m\u011bstem, kter\u00fd slou\u017e\u00ed v\u0161em n\u00e1v\u0161t\u011bvn\u00edk\u016f, kte\u0159\u00ed zav\u00edtali do Luha\u010dovic nebo teprve zva\u017euj\u00ed n\u00e1v\u0161t\u011bvu t\u00e9to v\u00fdznamn\u00e9 turistick\u00e9 destinace na Morav\u011b. Server nab\u00edz\u00ed \u0159adu mo\u017enost\u00ed, jak o sob\u011b d\u00e1t v\u011bd\u011bt. Region\u00e1ln\u00edm podnikatel\u016fm d\u00e1v\u00e1 mo\u017enost propagovat sv\u00e9 slu\u017eby i v\u00fdrobky za pomoc\u00ed bannerov\u00e9 reklamy, adres\u00e1\u0159ov\u00fdch z\u00e1pis\u016f a dal\u0161\u00edch slu\u017eeb. Cen\u00edk ke&#8230; <a class=\"view-article\" href=\"https:\/\/luhacovice.cz\/en\/inzerce\/\">View Article<\/a>","protected":false},"author":1,"featured_media":12262,"parent":0,"menu_order":132,"comment_status":"closed","ping_status":"closed","template":"","meta":[],"yoast_head":"<!-- This site is optimized with the Yoast SEO plugin v20.4 - https:\/\/yoast.com\/wordpress\/plugins\/seo\/ -->\n<title>Inzerce a reklama - Luha\u010dovice.cz<\/title>\n<meta name=\"robots\" content=\"index, follow, max-snippet:-1, max-image-preview:large, max-video-preview:-1\" \/>\n<link rel=\"canonical\" href=\"https:\/\/luhacovice.cz\/en\/inzerce\/\" \/>\n<meta property=\"og:locale\" content=\"en_US\" \/>\n<meta property=\"og:type\" content=\"article\" \/>\n<meta property=\"og:title\" content=\"Inzerce a reklama - Luha\u010dovice.cz\" \/>\n<meta property=\"og:description\" content=\"Kontakty Server Luhacovice.cz je turistick\u00fdm pr\u016fvodcem l\u00e1ze\u0148sk\u00fdm m\u011bstem, kter\u00fd slou\u017e\u00ed v\u0161em n\u00e1v\u0161t\u011bvn\u00edk\u016f, kte\u0159\u00ed zav\u00edtali do Luha\u010dovic nebo teprve zva\u017euj\u00ed n\u00e1v\u0161t\u011bvu t\u00e9to v\u00fdznamn\u00e9 turistick\u00e9 destinace na Morav\u011b. Server nab\u00edz\u00ed \u0159adu mo\u017enost\u00ed, jak o sob\u011b d\u00e1t v\u011bd\u011bt. Region\u00e1ln\u00edm podnikatel\u016fm d\u00e1v\u00e1 mo\u017enost propagovat sv\u00e9 slu\u017eby i v\u00fdrobky za pomoc\u00ed bannerov\u00e9 reklamy, adres\u00e1\u0159ov\u00fdch z\u00e1pis\u016f a dal\u0161\u00edch slu\u017eeb. Cen\u00edk ke... View Article\" \/>\n<meta property=\"og:url\" content=\"https:\/\/luhacovice.cz\/en\/inzerce\/\" \/>\n<meta property=\"og:site_name\" content=\"Luha\u010dovice.cz\" \/>\n<meta property=\"article:modified_time\" content=\"2023-06-06T04:33:30+00:00\" \/>\n<meta property=\"og:image\" content=\"https:\/\/luhacovice.cz\/wp-content\/uploads\/2020\/10\/ruce-na-klavesnici.jpg\" \/>\n\t<meta property=\"og:image:width\" content=\"2560\" \/>\n\t<meta property=\"og:image:height\" content=\"1703\" \/>\n\t<meta property=\"og:image:type\" content=\"image\/jpeg\" \/>\n<meta name=\"twitter:card\" content=\"summary_large_image\" \/>\n<meta name=\"twitter:label1\" content=\"Est. reading time\" \/>\n\t<meta name=\"twitter:data1\" content=\"3 minutes\" \/>\n<script type=\"application\/ld+json\" class=\"yoast-schema-graph\">{\"@context\":\"https:\/\/schema.org\",\"@graph\":[{\"@type\":\"WebPage\",\"@id\":\"https:\/\/luhacovice.cz\/en\/inzerce\/\",\"url\":\"https:\/\/luhacovice.cz\/en\/inzerce\/\",\"name\":\"Inzerce a reklama - Luha\u010dovice.cz\",\"isPartOf\":{\"@id\":\"https:\/\/luhacovice.cz\/#website\"},\"datePublished\":\"2020-08-05T13:39:17+00:00\",\"dateModified\":\"2023-06-06T04:33:30+00:00\",\"breadcrumb\":{\"@id\":\"https:\/\/luhacovice.cz\/en\/inzerce\/#breadcrumb\"},\"inLanguage\":\"en-US\",\"potentialAction\":[{\"@type\":\"ReadAction\",\"target\":[\"https:\/\/luhacovice.cz\/en\/inzerce\/\"]}]},{\"@type\":\"BreadcrumbList\",\"@id\":\"https:\/\/luhacovice.cz\/en\/inzerce\/#breadcrumb\",\"itemListElement\":[{\"@type\":\"ListItem\",\"position\":1,\"name\":\"Home\",\"item\":\"https:\/\/luhacovice.cz\/en\/\"},{\"@type\":\"ListItem\",\"position\":2,\"name\":\"Inzerce a reklama\"}]},{\"@type\":\"WebSite\",\"@id\":\"https:\/\/luhacovice.cz\/#website\",\"url\":\"https:\/\/luhacovice.cz\/\",\"name\":\"Luha\u010dovice.cz\",\"description\":\"Turistick\u00fd port\u00e1l Luha\u010dovice Pozlovice\",\"potentialAction\":[{\"@type\":\"SearchAction\",\"target\":{\"@type\":\"EntryPoint\",\"urlTemplate\":\"https:\/\/luhacovice.cz\/?s={search_term_string}\"},\"query-input\":\"required name=search_term_string\"}],\"inLanguage\":\"en-US\"}]}<\/script>\n<!-- \/ Yoast SEO plugin. -->","yoast_head_json":{"title":"Inzerce a reklama - Luha\u010dovice.cz","robots":{"index":"index","follow":"follow","max-snippet":"max-snippet:-1","max-image-preview":"max-image-preview:large","max-video-preview":"max-video-preview:-1"},"canonical":"https:\/\/luhacovice.cz\/en\/inzerce\/","og_locale":"en_US","og_type":"article","og_title":"Inzerce a reklama - Luha\u010dovice.cz","og_description":"Kontakty Server Luhacovice.cz je turistick\u00fdm pr\u016fvodcem l\u00e1ze\u0148sk\u00fdm m\u011bstem, kter\u00fd slou\u017e\u00ed v\u0161em n\u00e1v\u0161t\u011bvn\u00edk\u016f, kte\u0159\u00ed zav\u00edtali do Luha\u010dovic nebo teprve zva\u017euj\u00ed n\u00e1v\u0161t\u011bvu t\u00e9to v\u00fdznamn\u00e9 turistick\u00e9 destinace na Morav\u011b. Server nab\u00edz\u00ed \u0159adu mo\u017enost\u00ed, jak o sob\u011b d\u00e1t v\u011bd\u011bt. Region\u00e1ln\u00edm podnikatel\u016fm d\u00e1v\u00e1 mo\u017enost propagovat sv\u00e9 slu\u017eby i v\u00fdrobky za pomoc\u00ed bannerov\u00e9 reklamy, adres\u00e1\u0159ov\u00fdch z\u00e1pis\u016f a dal\u0161\u00edch slu\u017eeb. Cen\u00edk ke... View Article","og_url":"https:\/\/luhacovice.cz\/en\/inzerce\/","og_site_name":"Luha\u010dovice.cz","article_modified_time":"2023-06-06T04:33:30+00:00","og_image":[{"width":2560,"height":1703,"url":"https:\/\/luhacovice.cz\/wp-content\/uploads\/2020\/10\/ruce-na-klavesnici.jpg","type":"image\/jpeg"}],"twitter_card":"summary_large_image","twitter_misc":{"Est. reading time":"3 minutes"},"schema":{"@context":"https:\/\/schema.org","@graph":[{"@type":"WebPage","@id":"https:\/\/luhacovice.cz\/en\/inzerce\/","url":"https:\/\/luhacovice.cz\/en\/inzerce\/","name":"Inzerce a reklama - Luha\u010dovice.cz","isPartOf":{"@id":"https:\/\/luhacovice.cz\/#website"},"datePublished":"2020-08-05T13:39:17+00:00","dateModified":"2023-06-06T04:33:30+00:00","breadcrumb":{"@id":"https:\/\/luhacovice.cz\/en\/inzerce\/#breadcrumb"},"inLanguage":"en-US","potentialAction":[{"@type":"ReadAction","target":["https:\/\/luhacovice.cz\/en\/inzerce\/"]}]},{"@type":"BreadcrumbList","@id":"https:\/\/luhacovice.cz\/en\/inzerce\/#breadcrumb","itemListElement":[{"@type":"ListItem","position":1,"name":"Home","item":"https:\/\/luhacovice.cz\/en\/"},{"@type":"ListItem","position":2,"name":"Inzerce a reklama"}]},{"@type":"WebSite","@id":"https:\/\/luhacovice.cz\/#website","url":"https:\/\/luhacovice.cz\/","name":"Luha\u010dovice.cz","description":"Turistick\u00fd port\u00e1l Luha\u010dovice Pozlovice","potentialAction":[{"@type":"SearchAction","target":{"@type":"EntryPoint","urlTemplate":"https:\/\/luhacovice.cz\/?s={search_term_string}"},"query-input":"required name=search_term_string"}],"inLanguage":"en-US"}]}},"_links":{"self":[{"href":"https:\/\/luhacovice.cz\/en\/wp-json\/wp\/v2\/pages\/8383"}],"collection":[{"href":"https:\/\/luhacovice.cz\/en\/wp-json\/wp\/v2\/pages"}],"about":[{"href":"https:\/\/luhacovice.cz\/en\/wp-json\/wp\/v2\/types\/page"}],"author":[{"embeddable":true,"href":"https:\/\/luhacovice.cz\/en\/wp-json\/wp\/v2\/users\/1"}],"replies":[{"embeddable":true,"href":"https:\/\/luhacovice.cz\/en\/wp-json\/wp\/v2\/comments?post=8383"}],"version-history":[{"count":7,"href":"https:\/\/luhacovice.cz\/en\/wp-json\/wp\/v2\/pages\/8383\/revisions"}],"predecessor-version":[{"id":1058552,"href":"https:\/\/luhacovice.cz\/en\/wp-json\/wp\/v2\/pages\/8383\/revisions\/1058552"}],"wp:featuredmedia":[{"embeddable":true,"href":"https:\/\/luhacovice.cz\/en\/wp-json\/wp\/v2\/media\/12262"}],"wp:attachment":[{"href":"https:\/\/luhacovice.cz\/en\/wp-json\/wp\/v2\/media?parent=8383"}],"curies":[{"name":"wp","href":"https:\/\/api.w.org\/{rel}","templated":true}]}}