{"id":8476,"date":"2020-09-16T12:12:02","date_gmt":"2020-09-16T10:12:02","guid":{"rendered":"https:\/\/luhacovice.cz\/shrnuti\/"},"modified":"2020-09-17T09:46:54","modified_gmt":"2020-09-17T07:46:54","slug":"summary","status":"publish","type":"page","link":"https:\/\/luhacovice.cz\/en\/summary\/","title":{"rendered":"Summary"},"content":{"rendered":"\n<p><em>Thanks to a successful balneology, rich cultural, social and sports facilities and, last but not least, to a beautiful environment, Luha\u010dovice became a sought-after summer resort where not only health is restored, but one can pleasantly rest and relax hearing to the gurgling sound of springs and quiet singing of fountains.<\/em><\/p>\n\n\n\n<div class=\"wp-block-image\"><figure class=\"alignright size-large is-resized\"><img decoding=\"async\" src=\"https:\/\/luhacovice.cz\/wp-content\/uploads\/2020\/09\/kolonada.jpg\" alt=\"\" class=\"wp-image-8499\" width=\"266\" height=\"176\" srcset=\"https:\/\/luhacovice.cz\/wp-content\/uploads\/2020\/09\/kolonada.jpg 700w, https:\/\/luhacovice.cz\/wp-content\/uploads\/2020\/09\/kolonada-250x166.jpg 250w, https:\/\/luhacovice.cz\/wp-content\/uploads\/2020\/09\/kolonada-120x80.jpg 120w\" sizes=\"(max-width: 266px) 100vw, 266px\" \/><\/figure><\/div>\n\n\n\n<p>The biggest Moravian spa is situated about 15 km southeast of Zl\u00edn on the Horn\u00ed Ol\u0161ava River at the altitude 250 m above sea level. Luha\u010dovice is not renowned with mineral springs only, but with favourable climatic conditions as well. Clear skies prevail from March to October, with the best weather setting in by the end of summer and early autumn. The winters are short and mild.<\/p>\n\n\n\n<p>Although the spa lies actually in lowlands, its climate is rather of submontane character.<\/p>\n\n\n\n<p>Deep and mostly mixed forests invite you to take pleasant walks, with quite well-blazed hiking trails. The spa setting also includes well-arranged and decorated parks and fountains. The best known is the Brussels Fountain by Jan Kavan. The latest built fountain is from 2000 and adorns a roundabout crossing at the 28th October Square.<\/p>\n\n\n\n<div class=\"wp-block-image\"><figure class=\"alignright size-large is-resized\"><img decoding=\"async\" src=\"https:\/\/luhacovice.cz\/wp-content\/uploads\/2020\/09\/park.jpg\" alt=\"\" class=\"wp-image-8505\" width=\"266\" height=\"213\" srcset=\"https:\/\/luhacovice.cz\/wp-content\/uploads\/2020\/09\/park.jpg 700w, https:\/\/luhacovice.cz\/wp-content\/uploads\/2020\/09\/park-250x200.jpg 250w, https:\/\/luhacovice.cz\/wp-content\/uploads\/2020\/09\/park-120x96.jpg 120w\" sizes=\"(max-width: 266px) 100vw, 266px\" \/><\/figure><\/div>\n\n\n\n<p>The Horn\u00ed Ol\u0161ava region was known to men living here about 30,000 year ago. As early as the primeval hunter-gatherers were likely to know about and intentionally sought for the local healing springs.<\/p>\n\n\n\n<p>The first written reference about Luha\u010dovice comes from 1412. The local region was comparatively poor and inhabitants suffered under frequent incursions of Turks, Tartars and Hungarian Kuruks. Possession of the local feudal domain changed owners until 1629. In this year the domain came into possession of the Hungarian nobility of Serenyi family. They discovered the riches in form of mineral springs and gradually set about improving and developing the spa. However, by the beginning of the 20th century, the Counts&#8217; family&#8217;s assets couldn&#8217;t cope with expenses and the spa was in peril of stagnation and decline. It was at this juncture that MUDr. Franti\u0161ek Vesel\u00fd, who was going to set up a join stock company, came to Luha\u010dovice, and this entailed a huge upswing of the Luha\u010dovice spa.<\/p>\n\n\n\n<p><em>It was above all the local mineral springs that contributed the fact that Luha\u010dovice, though relatively small in area, ranks among the best known spas. The mineral waters that made this place best known and written in the hearts and minds of thousands of people, children and adults alike, are mostly Vincentka, Ottovka and Aloiska springs.<\/em><\/p>\n\n\n\n<p>The local healing springs are regarded as the most efficacious in Europe, not only for their high mineral content, but also for their excellent gas saturation. There are 16 hydro-carbonate-chloride-sodium acidulous waters used in the spa and one is a sulphur spring. Springs contain sodium, potassium, calcium, magnesium, iron, manganese, copper, strontium, aluminium, iodine, lithium, barium, fluorine, boron, beryllium, silver, nickel, tin, titanium and zinc. Some springs are freely accessible for the public, namely Vincentka, Ottovka, Aloiska, dr. \u0160\u0165astn\u00e9ho and St. Joseph springs, others, for instance Amandka, Janovka, Elektra, Jubilejn\u00ed, Sirn\u00fd and Jaroslava, are used for baths and inhalation in spa facilities.<\/p>\n\n\n\n<div class=\"wp-block-image\"><figure class=\"alignright size-large is-resized\"><img decoding=\"async\" src=\"https:\/\/luhacovice.cz\/wp-content\/uploads\/2020\/09\/vincentka-1.jpg\" alt=\"\" class=\"wp-image-8511\" width=\"266\" height=\"175\"\/><\/figure><\/div>\n\n\n\n<p>In Luha\u010dovice are cured diseases of the breathing organs (asthma, allergic diseases of respiratory tracts, chronic bronchitis, dysfunctions of voice and hoarseness, post-operation conditions of respiratory tracts), digestive organs disorders (dysfunctions of digesting and lack of appetite, stabilized conditions of gastric and duodenal ulcer, post-operational conditions after operation of the stomach, esophagus and gall-bladder), disorders of metabolism (diabetes, obesity), locomotive organs dysfunctions (ailments of sinews, muscles, ligaments, extra-articular rheumatism, painful spinal syndromes), circulatory system diseases (functional disorders of peripheral vessels, milder forms of hypertonic diseases) and oncological diseases &#8211; oncological cases in the post-treatment stage.<\/p>\n\n\n\n<p>Spa treatment is based on using natural curative sources in combination with the most modern methods of treatment and rehabilitation. The therapeutic procedures include mineral water drinking cure, inhalation, applications, massages, hydrotherapeutic procedures, electro-therapy, special therapy, movement treatment.<\/p>\n\n\n\n<p><em>To console the ill, to cheer the healthy&#8221; this inscription is written at one of the local springs dating back to the beginning of the last century, which characterizes the local spa up till now.<\/em><\/p>\n\n\n\n<p>The reposeful setting of Luha\u010dovice Spa is ideal not only for spa guests, but also for recreation and relaxing of visitors and tourists. Modern hotels, offering a wide range of services and special stays for various groups of inhabitants and, on the contrary, almost a family-like atmosphere of guest houses, all that offers a choice even to the most pretentious clients. Spacious congress halls, rich offer of accommodation, catering and other services amid a charming nature setting, have predestined this town for hosting different conferences, get-togethers and official corporate functions.<\/p>\n\n\n\n<p>Visitors have several alternatives of spending their free time. Admirers of culture will decidedly visit the Spa Theatre (L\u00e1ze\u0148sk\u00e9 divadlo) where an interesting programme would be prepared for them, both in the sphere of music and drama. Concerts given by personages of entertainment and popular music are prepared each year by M\u011bDk Elektra. Dancing, colonnade concerts, dulcimer or accordion sessions contribute to offering the variety of cultural programmes. Friends of art may find inspiration in mysterious park nooks with fountains and sculptures, as well as many notable painters and photographers did, eg. Anton\u00edn Slav\u00ed\u010dek, Jo\u017ea \u00daprka, Zde\u0148ka Vorlov\u00e1,Otto Otmar, Franti\u0161ek Pe\u010dinka, Ji\u0159\u00ed Pac\u00e1k, but they may also visit local art galleries and expositions.<\/p>\n\n\n\n<p>Lovers of silence and serenity will find a rest in the picturesque forest surroundings. Sportsmen and people preferring active recreation may go in for hiking, cycling, swimming, volleyball, tennis, mini-golf and horse riding. A lending office hiring boats and sports equipment can be found on the lake about 2 km away from the town. The town also offers a rich variety of indoor swimming pools, fit centres, relaxation and reconditioning studies and saunas to dispose of free time when weather is unfavourable. A novelty is a sports hall equipped with bowling which will even satisfy the needs of top sportsmen. Knowledge and recognition can be found in the Museum of Luha\u010dovice Z\u00e1les\u00ed (Luhacovice Tramontane).<\/p>\n\n\n\n<p>Travellers and those who dislike spending their free time at one spot will welcome excursions to the environs. Local travel agencies offer half-day and full-day guided trips to the near and more faraway environs. Chateau Le\u0161n\u00e1 near Zl\u00edn, Ba\u0165a canal, Vizovice, Krom\u011b\u0159\u00ed\u017e, Host\u00fdn, Ro\u017enov pod Radho\u0161t\u011bm, these are destinations of short one-day trips in own cars, by coaches and\/or cycling tours for bikers.<\/p>\n\n\n\n<p><em>Indeed, a long list would have to be drawn up by everyone who would want to record all those who used to stay here, either those boasting names of renown or simple ones. Luha\u010dovice Spa captivated all so much that some remained here for good, or they return regularly, though some in memories only.<\/em><\/p>\n\n\n\n<p>Maybe the most renowned visitor of this place, who returned here for twenty five times altogether, was the world-acclaimed composer, Leo\u0161 Jan\u00e1\u010dek. Luha\u010dovice captivated him, the locality became a significant inspiration to him. Here was the origin of the Glagolitic Mass, a part of the Sly Little Vixen opera. The setting of the spa colonnade is the place of the fourth act of the Fate opera. In honour of this giant of our music, Luha\u010dovice holds regularly the music festival &#8220;Jan\u00e1\u010dek and Luha\u010dovice&#8221;. Many composers and singers took part here in the course years. To name but a few, they were Josef Such, Taker Ostr\u010dil, Jaroslav Kvapil, Libu\u0161e Doman\u00ednska, Marie Podvalova. From among noteworthy drama actors, practically all personalities performed here one time or another. The name as Jaroslav Vojta, Old\u0159ich Nov\u00fd, Vladim\u00edr Men\u0161\u00edk, Ji\u0159ina Jir\u00e1skov\u00e1 and others occurred regularly on posters offering cultural programmes.<\/p>\n\n\n\n<p>Also, the masters of word used to come to Luha\u010dovice regularly to find inspiration. Franti\u0161ek Ko\u017e\u00edk wrote even two of his novels directly about personages who lived here. Fascinated by the personality of Leo\u0161 Jan\u00e1\u010dek, he first wrote his novel &#8220;Along an overgrown footpath&#8221; and later, as a theme of his work, he discovered the founder of the local joint stock company, Dr. Vesely, whom he perpetuated in his book &#8220;Conjuror from the Vila under Linden&#8221;. Besides this, men of letters meet here regularly at the International Meeting of Writers.<\/p>\n\n\n\n<p>Aside of the festival &#8220;Jan\u00e1\u010dek and Luha\u010dovice&#8221;, the town hosts the &#8220;International Festival of Children&#8217;s Ensembles&#8221; and the &#8220;Theatrical Luha\u010dovice&#8221; festival. The opening of springs makes also a significant feature here.<\/p>\n\n\n\n<p><em>Luha\u010dovice is certainly no large city, the town has no world-renowned monument or memorial, however, it has something what people who live here are aware of after a longer time spent elsewhere, something what a visitor no doubt feels, but is not able to give a name to. How to call it? Magic, magical virtue, unification of man and nature, the mystery of quiescence? Whatever we call it, Luha\u010dovice undoubtedly belongs to the localities that hold us all spellbound somehow.<\/em><\/p>\n\n\n\n<p>A Slovak architect, Du\u0161an Jurkovi\u010d, conceptualized and built buildings here at the beginning of 20th century, which have left vestiges of their irresistible charm in Luha\u010dovice. His buildings do not encroach on the surrounding nature, but become its part and simultaneously serve to people for whom they were intended. The Jurkovi\u010d House and the Sun Bath rank among the world unique features. Other famous architects also followed in his steps in building the town&#8217;s dominants, to which testifies the B. Smetana House built in 1909 designed by the architect Kr\u00e1l\u00edk, the building of the Spa Theatre by the architect Skopal\u00edk or the tennis courts premises with the Ottovka spring by the architect Sk\u0159iv\u00e1nek.<\/p>\n\n\n\n<p>Shortly after the war stagnation, the town witnessed a construction development and architects B. Fuchs, J.L. Holz and the Kuba brothers continued erecting new buildings and residential quarters. World War II put a stop to the development and guest houses and hotels were used by Germans. After the liberation the grandiose Spa Square was built with the Vincentka Spring Hall and the development continued up till nowadays. The newly built dominating features of the town include the church of the Holy Family designed by architects Michal Brixi and Petr Franta, sanatorium Miramare by the architect Hanul\u00edka, the roundabout crossing and new sports hall.<\/p>\n\n\n\n<p><strong>Beautiful natural scenery and delicious air fragrant with essences from the surrounding wood in conjunction with the healing powers of mineral springs and modern services. In Luha\u010dovice everyone can admire, discover and find something. The town of Luha\u010dovice invites you to a visit and is prepared to featherbed you in all aspects.<\/strong><\/p>\n","protected":false},"excerpt":{"rendered":"Thanks to a successful balneology, rich cultural, social and sports facilities and, last but not least, to a beautiful environment, Luha\u010dovice became a sought-after summer resort where not only health is restored, but one can pleasantly rest and relax hearing to the gurgling sound of springs and quiet singing of fountains. The biggest Moravian spa&#8230; <a class=\"view-article\" href=\"https:\/\/luhacovice.cz\/en\/summary\/\">View Article<\/a>","protected":false},"author":3,"featured_media":0,"parent":0,"menu_order":48,"comment_status":"closed","ping_status":"closed","template":"","meta":[],"yoast_head":"<!-- This site is optimized with the Yoast SEO plugin v20.4 - https:\/\/yoast.com\/wordpress\/plugins\/seo\/ -->\n<title>Summary - Luha\u010dovice.cz<\/title>\n<meta name=\"robots\" content=\"index, follow, max-snippet:-1, max-image-preview:large, max-video-preview:-1\" \/>\n<link rel=\"canonical\" href=\"https:\/\/luhacovice.cz\/en\/summary\/\" \/>\n<meta property=\"og:locale\" content=\"en_US\" \/>\n<meta property=\"og:type\" content=\"article\" \/>\n<meta property=\"og:title\" content=\"Summary - Luha\u010dovice.cz\" \/>\n<meta property=\"og:description\" content=\"Thanks to a successful balneology, rich cultural, social and sports facilities and, last but not least, to a beautiful environment, Luha\u010dovice became a sought-after summer resort where not only health is restored, but one can pleasantly rest and relax hearing to the gurgling sound of springs and quiet singing of fountains. The biggest Moravian spa... View Article\" \/>\n<meta property=\"og:url\" content=\"https:\/\/luhacovice.cz\/en\/summary\/\" \/>\n<meta property=\"og:site_name\" content=\"Luha\u010dovice.cz\" \/>\n<meta property=\"article:modified_time\" content=\"2020-09-17T07:46:54+00:00\" \/>\n<meta property=\"og:image\" content=\"https:\/\/luhacovice.cz\/wp-content\/uploads\/2020\/09\/kolonada.jpg\" \/>\n<meta name=\"twitter:card\" content=\"summary_large_image\" \/>\n<meta name=\"twitter:label1\" content=\"Est. reading time\" \/>\n\t<meta name=\"twitter:data1\" content=\"9 minutes\" \/>\n<script type=\"application\/ld+json\" class=\"yoast-schema-graph\">{\"@context\":\"https:\/\/schema.org\",\"@graph\":[{\"@type\":\"WebPage\",\"@id\":\"https:\/\/luhacovice.cz\/en\/summary\/\",\"url\":\"https:\/\/luhacovice.cz\/en\/summary\/\",\"name\":\"Summary - Luha\u010dovice.cz\",\"isPartOf\":{\"@id\":\"https:\/\/luhacovice.cz\/#website\"},\"datePublished\":\"2020-09-16T10:12:02+00:00\",\"dateModified\":\"2020-09-17T07:46:54+00:00\",\"breadcrumb\":{\"@id\":\"https:\/\/luhacovice.cz\/en\/summary\/#breadcrumb\"},\"inLanguage\":\"en-US\",\"potentialAction\":[{\"@type\":\"ReadAction\",\"target\":[\"https:\/\/luhacovice.cz\/en\/summary\/\"]}]},{\"@type\":\"BreadcrumbList\",\"@id\":\"https:\/\/luhacovice.cz\/en\/summary\/#breadcrumb\",\"itemListElement\":[{\"@type\":\"ListItem\",\"position\":1,\"name\":\"Home\",\"item\":\"https:\/\/luhacovice.cz\/en\/\"},{\"@type\":\"ListItem\",\"position\":2,\"name\":\"Summary\"}]},{\"@type\":\"WebSite\",\"@id\":\"https:\/\/luhacovice.cz\/#website\",\"url\":\"https:\/\/luhacovice.cz\/\",\"name\":\"Luha\u010dovice.cz\",\"description\":\"Turistick\u00fd port\u00e1l Luha\u010dovice Pozlovice\",\"potentialAction\":[{\"@type\":\"SearchAction\",\"target\":{\"@type\":\"EntryPoint\",\"urlTemplate\":\"https:\/\/luhacovice.cz\/?s={search_term_string}\"},\"query-input\":\"required name=search_term_string\"}],\"inLanguage\":\"en-US\"}]}<\/script>\n<!-- \/ Yoast SEO plugin. -->","yoast_head_json":{"title":"Summary - Luha\u010dovice.cz","robots":{"index":"index","follow":"follow","max-snippet":"max-snippet:-1","max-image-preview":"max-image-preview:large","max-video-preview":"max-video-preview:-1"},"canonical":"https:\/\/luhacovice.cz\/en\/summary\/","og_locale":"en_US","og_type":"article","og_title":"Summary - Luha\u010dovice.cz","og_description":"Thanks to a successful balneology, rich cultural, social and sports facilities and, last but not least, to a beautiful environment, Luha\u010dovice became a sought-after summer resort where not only health is restored, but one can pleasantly rest and relax hearing to the gurgling sound of springs and quiet singing of fountains. The biggest Moravian spa... View Article","og_url":"https:\/\/luhacovice.cz\/en\/summary\/","og_site_name":"Luha\u010dovice.cz","article_modified_time":"2020-09-17T07:46:54+00:00","og_image":[{"url":"https:\/\/luhacovice.cz\/wp-content\/uploads\/2020\/09\/kolonada.jpg"}],"twitter_card":"summary_large_image","twitter_misc":{"Est. reading time":"9 minutes"},"schema":{"@context":"https:\/\/schema.org","@graph":[{"@type":"WebPage","@id":"https:\/\/luhacovice.cz\/en\/summary\/","url":"https:\/\/luhacovice.cz\/en\/summary\/","name":"Summary - Luha\u010dovice.cz","isPartOf":{"@id":"https:\/\/luhacovice.cz\/#website"},"datePublished":"2020-09-16T10:12:02+00:00","dateModified":"2020-09-17T07:46:54+00:00","breadcrumb":{"@id":"https:\/\/luhacovice.cz\/en\/summary\/#breadcrumb"},"inLanguage":"en-US","potentialAction":[{"@type":"ReadAction","target":["https:\/\/luhacovice.cz\/en\/summary\/"]}]},{"@type":"BreadcrumbList","@id":"https:\/\/luhacovice.cz\/en\/summary\/#breadcrumb","itemListElement":[{"@type":"ListItem","position":1,"name":"Home","item":"https:\/\/luhacovice.cz\/en\/"},{"@type":"ListItem","position":2,"name":"Summary"}]},{"@type":"WebSite","@id":"https:\/\/luhacovice.cz\/#website","url":"https:\/\/luhacovice.cz\/","name":"Luha\u010dovice.cz","description":"Turistick\u00fd port\u00e1l Luha\u010dovice Pozlovice","potentialAction":[{"@type":"SearchAction","target":{"@type":"EntryPoint","urlTemplate":"https:\/\/luhacovice.cz\/?s={search_term_string}"},"query-input":"required name=search_term_string"}],"inLanguage":"en-US"}]}},"_links":{"self":[{"href":"https:\/\/luhacovice.cz\/en\/wp-json\/wp\/v2\/pages\/8476"}],"collection":[{"href":"https:\/\/luhacovice.cz\/en\/wp-json\/wp\/v2\/pages"}],"about":[{"href":"https:\/\/luhacovice.cz\/en\/wp-json\/wp\/v2\/types\/page"}],"author":[{"embeddable":true,"href":"https:\/\/luhacovice.cz\/en\/wp-json\/wp\/v2\/users\/3"}],"replies":[{"embeddable":true,"href":"https:\/\/luhacovice.cz\/en\/wp-json\/wp\/v2\/comments?post=8476"}],"version-history":[{"count":0,"href":"https:\/\/luhacovice.cz\/en\/wp-json\/wp\/v2\/pages\/8476\/revisions"}],"wp:attachment":[{"href":"https:\/\/luhacovice.cz\/en\/wp-json\/wp\/v2\/media?parent=8476"}],"curies":[{"name":"wp","href":"https:\/\/api.w.org\/{rel}","templated":true}]}}