{"id":8521,"date":"2020-08-05T11:21:54","date_gmt":"2020-08-05T09:21:54","guid":{"rendered":"https:\/\/luhacovice.cz\/lazne-luhacovice\/"},"modified":"2020-11-04T07:50:29","modified_gmt":"2020-11-04T06:50:29","slug":"spa-luhacovice","status":"publish","type":"page","link":"https:\/\/luhacovice.cz\/en\/spa-luhacovice\/","title":{"rendered":"Spa Luha\u010dovice"},"content":{"rendered":"\n<div class=\"wp-block-image\"><figure class=\"alignright size-large is-resized\"><img decoding=\"async\" src=\"https:\/\/luhacovice.cz\/wp-content\/uploads\/2020\/11\/slunecni-lazne.jpg\" alt=\"\" class=\"wp-image-278707\" width=\"209\" height=\"167\" srcset=\"https:\/\/luhacovice.cz\/wp-content\/uploads\/2020\/11\/slunecni-lazne.jpg 700w, https:\/\/luhacovice.cz\/wp-content\/uploads\/2020\/11\/slunecni-lazne-250x200.jpg 250w, https:\/\/luhacovice.cz\/wp-content\/uploads\/2020\/11\/slunecni-lazne-567x453.jpg 567w, https:\/\/luhacovice.cz\/wp-content\/uploads\/2020\/11\/slunecni-lazne-120x96.jpg 120w\" sizes=\"(max-width: 209px) 100vw, 209px\" \/><\/figure><\/div>\n\n\n\n<p>Luha\u010dovice is the largest Moravian spa with a long tradition of spa treatment for respiratory tract, digestive organs, diabetes, and kinetic apparatus dysfunction. Famed are the natural medicinal springs, favourable climactic conditions and pleasant surroundings, in which beautiful nature is wed with typical architecture.<\/p>\n\n\n\n<p>On the territory of Luha\u010dovice bubble forth 17 sodium hydrocarbonate acidulous springs and one sulphurous spring. The most famous mineral springs are Vincentka, Aloiska, Elektra, the springs of Dr. \u0160\u0165astn\u00fd and St. Joseph.The temperature of the surface water fluctuates between 10 &#8211; 12\u00b0C. Luha\u010dovice waters are considered to be one of the most effective in Europe for their high content of mineral substances and for their excellent free-flowing carbon dioxide.<\/p>\n\n\n\n<h3 class=\"wp-block-heading\">Treated in Luha\u010dovice<\/h3>\n\n\n\n<ul><li>illnesses of the respiratory tract<\/li><li>digestive organs<\/li><li>metabolic dyfunction and dysfunctions of the kinetic organs<\/li><\/ul>\n\n\n\n<p>Spa treatment rests on the use of natural treatment sources in combination with the most odern treatment and rehabilitation methods.<\/p>\n\n\n\n<h3 class=\"wp-block-heading\">Among others, treatment methods include<\/h3>\n\n\n\n<ul><li>drink therapy<\/li><li>inhalation<\/li><li>bathing in natural mineral water<\/li><li>hydrotherapeutic procedures<\/li><li>classic, reflexive and subaquatic massage<\/li><li>electro- treatment therapy<\/li><\/ul>\n\n\n\n<p><\/p>\n","protected":false},"excerpt":{"rendered":"Luha\u010dovice is the largest Moravian spa with a long tradition of spa treatment for respiratory tract, digestive organs, diabetes, and kinetic apparatus dysfunction. Famed are the natural medicinal springs, favourable climactic conditions and pleasant surroundings, in which beautiful nature is wed with typical architecture. On the territory of Luha\u010dovice bubble forth 17 sodium hydrocarbonate acidulous&#8230; <a class=\"view-article\" href=\"https:\/\/luhacovice.cz\/en\/spa-luhacovice\/\">View Article<\/a>","protected":false},"author":1,"featured_media":10825,"parent":0,"menu_order":135,"comment_status":"closed","ping_status":"closed","template":"page-templates\/page-one-column.php","meta":[],"yoast_head":"<!-- This site is optimized with the Yoast SEO plugin v20.4 - https:\/\/yoast.com\/wordpress\/plugins\/seo\/ -->\n<title>L\u00e1zn\u011b Luha\u010dovice: prameny a s\u00edla p\u0159\u00edrody | Luha\u010dovice.cz<\/title>\n<meta name=\"description\" content=\"Objevte s\u00edlu p\u0159\u00edrody! L\u00e1zn\u011b Luha\u010dovice v\u00e1s osv\u011b\u017e\u00ed miner\u00e1ln\u00edmi prameny i kr\u00e1snou p\u0159\u00edrodou. Nechte se h\u00fd\u010dkat b\u011bhem mas\u00e1\u017e\u00ed, koupel\u00ed a terapi\u00ed.\" \/>\n<meta name=\"robots\" content=\"index, follow, max-snippet:-1, max-image-preview:large, max-video-preview:-1\" \/>\n<link rel=\"canonical\" href=\"https:\/\/luhacovice.cz\/en\/spa-luhacovice\/\" \/>\n<meta property=\"og:locale\" content=\"en_US\" \/>\n<meta property=\"og:type\" content=\"article\" \/>\n<meta property=\"og:title\" content=\"L\u00e1zn\u011b Luha\u010dovice: prameny a s\u00edla p\u0159\u00edrody | Luha\u010dovice.cz\" \/>\n<meta property=\"og:description\" content=\"Objevte s\u00edlu p\u0159\u00edrody! L\u00e1zn\u011b Luha\u010dovice v\u00e1s osv\u011b\u017e\u00ed miner\u00e1ln\u00edmi prameny i kr\u00e1snou p\u0159\u00edrodou. Nechte se h\u00fd\u010dkat b\u011bhem mas\u00e1\u017e\u00ed, koupel\u00ed a terapi\u00ed.\" \/>\n<meta property=\"og:url\" content=\"https:\/\/luhacovice.cz\/en\/spa-luhacovice\/\" \/>\n<meta property=\"og:site_name\" content=\"Luha\u010dovice.cz\" \/>\n<meta property=\"article:modified_time\" content=\"2020-11-04T06:50:29+00:00\" \/>\n<meta property=\"og:image\" content=\"https:\/\/luhacovice.cz\/wp-content\/uploads\/2020\/10\/Alexandria-20.jpg\" \/>\n\t<meta property=\"og:image:width\" content=\"1404\" \/>\n\t<meta property=\"og:image:height\" content=\"788\" \/>\n\t<meta property=\"og:image:type\" content=\"image\/jpeg\" \/>\n<meta name=\"twitter:card\" content=\"summary_large_image\" \/>\n<meta name=\"twitter:label1\" content=\"Est. reading time\" \/>\n\t<meta name=\"twitter:data1\" content=\"1 minute\" \/>\n<script type=\"application\/ld+json\" class=\"yoast-schema-graph\">{\"@context\":\"https:\/\/schema.org\",\"@graph\":[{\"@type\":\"WebPage\",\"@id\":\"https:\/\/luhacovice.cz\/en\/spa-luhacovice\/\",\"url\":\"https:\/\/luhacovice.cz\/en\/spa-luhacovice\/\",\"name\":\"L\u00e1zn\u011b Luha\u010dovice: prameny a s\u00edla p\u0159\u00edrody | Luha\u010dovice.cz\",\"isPartOf\":{\"@id\":\"https:\/\/luhacovice.cz\/#website\"},\"datePublished\":\"2020-08-05T09:21:54+00:00\",\"dateModified\":\"2020-11-04T06:50:29+00:00\",\"description\":\"Objevte s\u00edlu p\u0159\u00edrody! L\u00e1zn\u011b Luha\u010dovice v\u00e1s osv\u011b\u017e\u00ed miner\u00e1ln\u00edmi prameny i kr\u00e1snou p\u0159\u00edrodou. Nechte se h\u00fd\u010dkat b\u011bhem mas\u00e1\u017e\u00ed, koupel\u00ed a terapi\u00ed.\",\"breadcrumb\":{\"@id\":\"https:\/\/luhacovice.cz\/en\/spa-luhacovice\/#breadcrumb\"},\"inLanguage\":\"en-US\",\"potentialAction\":[{\"@type\":\"ReadAction\",\"target\":[\"https:\/\/luhacovice.cz\/en\/spa-luhacovice\/\"]}]},{\"@type\":\"BreadcrumbList\",\"@id\":\"https:\/\/luhacovice.cz\/en\/spa-luhacovice\/#breadcrumb\",\"itemListElement\":[{\"@type\":\"ListItem\",\"position\":1,\"name\":\"Home\",\"item\":\"https:\/\/luhacovice.cz\/en\/\"},{\"@type\":\"ListItem\",\"position\":2,\"name\":\"Spa Luha\u010dovice\"}]},{\"@type\":\"WebSite\",\"@id\":\"https:\/\/luhacovice.cz\/#website\",\"url\":\"https:\/\/luhacovice.cz\/\",\"name\":\"Luha\u010dovice.cz\",\"description\":\"Turistick\u00fd port\u00e1l Luha\u010dovice Pozlovice\",\"potentialAction\":[{\"@type\":\"SearchAction\",\"target\":{\"@type\":\"EntryPoint\",\"urlTemplate\":\"https:\/\/luhacovice.cz\/?s={search_term_string}\"},\"query-input\":\"required name=search_term_string\"}],\"inLanguage\":\"en-US\"}]}<\/script>\n<!-- \/ Yoast SEO plugin. -->","yoast_head_json":{"title":"L\u00e1zn\u011b Luha\u010dovice: prameny a s\u00edla p\u0159\u00edrody | Luha\u010dovice.cz","description":"Objevte s\u00edlu p\u0159\u00edrody! L\u00e1zn\u011b Luha\u010dovice v\u00e1s osv\u011b\u017e\u00ed miner\u00e1ln\u00edmi prameny i kr\u00e1snou p\u0159\u00edrodou. Nechte se h\u00fd\u010dkat b\u011bhem mas\u00e1\u017e\u00ed, koupel\u00ed a terapi\u00ed.","robots":{"index":"index","follow":"follow","max-snippet":"max-snippet:-1","max-image-preview":"max-image-preview:large","max-video-preview":"max-video-preview:-1"},"canonical":"https:\/\/luhacovice.cz\/en\/spa-luhacovice\/","og_locale":"en_US","og_type":"article","og_title":"L\u00e1zn\u011b Luha\u010dovice: prameny a s\u00edla p\u0159\u00edrody | Luha\u010dovice.cz","og_description":"Objevte s\u00edlu p\u0159\u00edrody! L\u00e1zn\u011b Luha\u010dovice v\u00e1s osv\u011b\u017e\u00ed miner\u00e1ln\u00edmi prameny i kr\u00e1snou p\u0159\u00edrodou. Nechte se h\u00fd\u010dkat b\u011bhem mas\u00e1\u017e\u00ed, koupel\u00ed a terapi\u00ed.","og_url":"https:\/\/luhacovice.cz\/en\/spa-luhacovice\/","og_site_name":"Luha\u010dovice.cz","article_modified_time":"2020-11-04T06:50:29+00:00","og_image":[{"width":1404,"height":788,"url":"https:\/\/luhacovice.cz\/wp-content\/uploads\/2020\/10\/Alexandria-20.jpg","type":"image\/jpeg"}],"twitter_card":"summary_large_image","twitter_misc":{"Est. reading time":"1 minute"},"schema":{"@context":"https:\/\/schema.org","@graph":[{"@type":"WebPage","@id":"https:\/\/luhacovice.cz\/en\/spa-luhacovice\/","url":"https:\/\/luhacovice.cz\/en\/spa-luhacovice\/","name":"L\u00e1zn\u011b Luha\u010dovice: prameny a s\u00edla p\u0159\u00edrody | Luha\u010dovice.cz","isPartOf":{"@id":"https:\/\/luhacovice.cz\/#website"},"datePublished":"2020-08-05T09:21:54+00:00","dateModified":"2020-11-04T06:50:29+00:00","description":"Objevte s\u00edlu p\u0159\u00edrody! L\u00e1zn\u011b Luha\u010dovice v\u00e1s osv\u011b\u017e\u00ed miner\u00e1ln\u00edmi prameny i kr\u00e1snou p\u0159\u00edrodou. Nechte se h\u00fd\u010dkat b\u011bhem mas\u00e1\u017e\u00ed, koupel\u00ed a terapi\u00ed.","breadcrumb":{"@id":"https:\/\/luhacovice.cz\/en\/spa-luhacovice\/#breadcrumb"},"inLanguage":"en-US","potentialAction":[{"@type":"ReadAction","target":["https:\/\/luhacovice.cz\/en\/spa-luhacovice\/"]}]},{"@type":"BreadcrumbList","@id":"https:\/\/luhacovice.cz\/en\/spa-luhacovice\/#breadcrumb","itemListElement":[{"@type":"ListItem","position":1,"name":"Home","item":"https:\/\/luhacovice.cz\/en\/"},{"@type":"ListItem","position":2,"name":"Spa Luha\u010dovice"}]},{"@type":"WebSite","@id":"https:\/\/luhacovice.cz\/#website","url":"https:\/\/luhacovice.cz\/","name":"Luha\u010dovice.cz","description":"Turistick\u00fd port\u00e1l Luha\u010dovice Pozlovice","potentialAction":[{"@type":"SearchAction","target":{"@type":"EntryPoint","urlTemplate":"https:\/\/luhacovice.cz\/?s={search_term_string}"},"query-input":"required name=search_term_string"}],"inLanguage":"en-US"}]}},"_links":{"self":[{"href":"https:\/\/luhacovice.cz\/en\/wp-json\/wp\/v2\/pages\/8521"}],"collection":[{"href":"https:\/\/luhacovice.cz\/en\/wp-json\/wp\/v2\/pages"}],"about":[{"href":"https:\/\/luhacovice.cz\/en\/wp-json\/wp\/v2\/types\/page"}],"author":[{"embeddable":true,"href":"https:\/\/luhacovice.cz\/en\/wp-json\/wp\/v2\/users\/1"}],"replies":[{"embeddable":true,"href":"https:\/\/luhacovice.cz\/en\/wp-json\/wp\/v2\/comments?post=8521"}],"version-history":[{"count":0,"href":"https:\/\/luhacovice.cz\/en\/wp-json\/wp\/v2\/pages\/8521\/revisions"}],"wp:featuredmedia":[{"embeddable":true,"href":"https:\/\/luhacovice.cz\/en\/wp-json\/wp\/v2\/media\/10825"}],"wp:attachment":[{"href":"https:\/\/luhacovice.cz\/en\/wp-json\/wp\/v2\/media?parent=8521"}],"curies":[{"name":"wp","href":"https:\/\/api.w.org\/{rel}","templated":true}]}}